{"id":120,"date":"2014-10-08T15:51:58","date_gmt":"2014-10-08T14:51:58","guid":{"rendered":"http:\/\/localhost\/?page_id=120"},"modified":"2022-03-10T08:55:13","modified_gmt":"2022-03-10T07:55:13","slug":"ma-pratique","status":"publish","type":"page","link":"https:\/\/www.sophrologue72.fr\/?page_id=120","title":{"rendered":"TEMOIGNAGES"},"content":{"rendered":"<blockquote>\n<h1 style=\"text-align: center;\"><a href=\"https:\/\/www.sophrologue72.fr\/wp-content\/uploads\/2021\/01\/FB_IMG_1520668965597.jpg\"><img loading=\"lazy\" class=\"aligncenter size-full wp-image-3742\" src=\"https:\/\/www.sophrologue72.fr\/wp-content\/uploads\/2022\/03\/logo11.png\" alt=\"\" width=\"1852\" height=\"813\" srcset=\"https:\/\/www.sophrologue72.fr\/wp-content\/uploads\/2022\/03\/logo11.png 1852w, https:\/\/www.sophrologue72.fr\/wp-content\/uploads\/2022\/03\/logo11-300x132.png 300w, https:\/\/www.sophrologue72.fr\/wp-content\/uploads\/2022\/03\/logo11-1024x450.png 1024w, https:\/\/www.sophrologue72.fr\/wp-content\/uploads\/2022\/03\/logo11-150x66.png 150w, https:\/\/www.sophrologue72.fr\/wp-content\/uploads\/2022\/03\/logo11-768x337.png 768w, https:\/\/www.sophrologue72.fr\/wp-content\/uploads\/2022\/03\/logo11-1536x674.png 1536w\" sizes=\"(max-width: 1852px) 100vw, 1852px\" \/><img loading=\"lazy\" class=\"alignnone  wp-image-3357\" src=\"https:\/\/www.sophrologue72.fr\/wp-content\/uploads\/2021\/01\/FB_IMG_1520668965597-300x224.jpg\" alt=\"\" width=\"327\" height=\"247\" \/><\/a><\/h1>\n<h1 style=\"text-align: center;\"><strong><em>T\u00c9MOIGNAGES<\/em><\/strong><\/h1>\n<h4 style=\"text-align: center;\">(Extraits)<\/h4>\n<\/blockquote>\n<hr \/>\n<h4 style=\"text-align: center;\">Ces t\u00e9moignages \u00e9crits ont \u00e9t\u00e9 recueillis aupr\u00e8s des personnes que j&#8217;ai accompagn\u00e9es dans le cadre des s\u00e9ances de sophrologie et ou d&#8217;hypnose.<\/h4>\n<h4 style=\"text-align: center;\">Je remercie les personnes d&#8217;en avoir accepter la publication.<\/h4>\n<p>\u00a0<\/p>\n<hr \/>\n<p><span style=\"color: #993300;\"><strong>Pascale<\/strong> : &#8220;Plus de s\u00e9r\u00e9nit\u00e9 moins de stress&#8221;.<\/span><\/p>\n<p>\u00a0<\/p>\n<p><span style=\"color: #003366;\"><strong>Beno\u00eet : &#8220;<\/strong>Les s\u00e9ances m&#8217;ont permis de sortir de mes difficult\u00e9s et d&#8217;ouvrir ma pens\u00e9e \u00e0 de nouvelles possibilit\u00e9s, plut\u00f4t que rester \u00e0 tourner en boucle dans une r\u00e9flexion st\u00e9rile. J&#8217;ai pu franchir une \u00e9tape que je n&#8217;aurais pu franchir seul sans aide ext\u00e9rieure. Au final, j&#8217;ai d\u00e9velopp\u00e9 davantage de confiance et de courage face \u00e0 mes peurs&#8221;.<\/span><\/p>\n<p>\u00a0<\/p>\n<p><span style=\"color: #993300;\"><strong>Sylvie : &#8220;<\/strong> Elles m&#8217;ont aid\u00e9 \u00e0 prendre du recul face aux difficult\u00e9s du quotidien sur le plan professionnel, \u00e0 accepter de faire &#8220;pause&#8221; pour mieux repartir&#8221;.<\/span><\/p>\n<p>\u00a0<\/p>\n<h6><span style=\"color: #003366;\"><strong>Dominique : &#8220;<\/strong>Les s\u00e9ances ont \u00e9t\u00e9 b\u00e9n\u00e9fiques pour moi car elles m&#8217;ont permis : &#8220;A \u00eatre plus sur de moi , plus confiante cela permet d&#8217;avancer plus facilement dans la vie ( car la confiance est la base de tout ) , plus positive, plus forte \u00e0 affronter la maladie (qui m&#8217;a atteinte tr\u00e8s r\u00e9cemment). Dans le travail , dans le domaine du sport, certain sportif utilise eux aussi la sophrologie . Bref elle aide dans beaucoup de domaine, mais pour cela il faut y croire et avoir confiance dans cette m\u00e9thode&#8221;.<\/span><\/h6>\n<p>\u00a0<\/p>\n<h6><span style=\"color: #993300;\"><strong>Christine : &#8220;<\/strong>Je prends du temps pour moi et je relativise les \u00e9v\u00e9nements. Il faut apprendre \u00e0 vivre l&#8217;instant pr\u00e9sent&#8221;.<\/span><\/h6>\n<p>\u00a0<\/p>\n<h6><span style=\"color: #003366;\"><strong>St\u00e9phanie<\/strong> : &#8220;Tr\u00e8s \u00e0 l&#8217;\u00e9coute&#8221;.<\/span><\/h6>\n<p>\u00a0<\/p>\n<h6><span style=\"color: #993300;\"><strong>Ang\u00e9lina :<\/strong> &#8220;Les s\u00e9ances m&#8217;ont permis de me sentir mieux dans mon corps, c&#8217;est ce que je cherchais. Ainsi qu&#8217;une meilleure concentration durant mes examens&#8221;.<\/span><\/h6>\n<p>\u00a0<\/p>\n<h6><span style=\"color: #003366;\"><strong>Sophie :<\/strong> &#8220;J&#8217;ai effectu\u00e9e des s\u00e9ances de sophrologie et d&#8217;hypnose et je suis totalement satisfaite, aussi, d&#8217;autres s\u00e9ances seraient n\u00e9cessaires mais je manque pour le moment de disponibilit\u00e9&#8221;.<\/span><\/h6>\n<p>\u00a0<\/p>\n<h6><span style=\"color: #993300;\"><strong>Sylvia<\/strong> : &#8220;Plus d&#8217;assurance. A l&#8217;\u00e9coute, met en confiance&#8221;.<\/span><\/h6>\n<p>\u00a0<\/p>\n<h6><span style=\"color: #000080;\"><span style=\"color: #003366;\"><strong>S<\/strong> : &#8220;Prises de conscience, meilleure prise de d\u00e9cision en laissant les doutes et questionnements incessants de cot\u00e9, adoption de certaines techniques de d\u00e9contraction&#8221;.<\/span> <\/span><\/h6>\n<p>\u00a0<\/p>\n<h6><span style=\"color: #993300;\"><strong>Nathalie<\/strong> : Cela me permet de &#8220;prendre maintenant un peu plus de recul face aux \u00e9v\u00e8nements, ma\u00eetrise davantage du stress et l\u00e2cher prise m\u00eame s&#8217;il reste encore du travail&#8221;.<\/span><\/h6>\n<p>\u00a0<\/p>\n<h6><span style=\"color: #003366;\"><strong>Judith :<\/strong> &#8220;Meilleur sommeil, plus de d\u00e9tente, bien \u00eatre intense, confiance en soi, pause journali\u00e8re. On en deviendrait presque &#8220;d\u00e9pendant&#8221;, c&#8217;est quelque chose de tr\u00e8s fort, une sensation intense de l\u00e2cher-prise&#8221;.<\/span><\/h6>\n<h6>\u00a0<\/h6>\n<p>\u00a0<\/p>\n<h6><span style=\"color: #993300;\"><strong>Sophie<\/strong> : &#8220;Nous avions beaucoup travailler sur la coupure du sucre et des bonbons, je pense que j&#8217;ai moins de &#8220;craquage&#8221; mais les envies sont toujours pr\u00e9sentes. Les s\u00e9ances sont b\u00e9n\u00e9fiques pour prendre le temps de se poser, et Magalie prend bien le temps d&#8217;\u00e9couter, d&#8217;\u00e9changer&#8221;.<\/span><\/h6>\n<p>\u00a0<\/p>\n<h6><span style=\"color: #003366;\"><strong>Isabelle :\u00a0<\/strong> &#8220;Les s\u00e9ances de sophrologie et d&#8217;hypnose m&#8217;ont aid\u00e9 \u00e0 \u00eatre plus positive&#8221;.<\/span><\/h6>\n<p>\u00a0<\/p>\n<h6><span style=\"color: #993300;\"><strong>Marie-Rose :<\/strong> &#8220;Pour moi , les s\u00e9ances avec Magalie ont \u00e9t\u00e9 b\u00e9n\u00e9fiques , cela m&#8217;apaise, me canalise, m&#8217;enl\u00e8ve du stress, cela me rend ma vie plus facile, et me permet d&#8217;aller de l&#8217;avant en attendant de revoir mes petits enfants, car on me refuse de les voir. Merci a Magalie de me rendre ma vie plus facile avec ces s\u00e9ances,\u00a0 je la recommande a mes amies, dont une est d\u00e9j\u00e0 venue en rdv.&#8221;<\/span><\/h6>\n<p>\u00a0<\/p>\n<h6><span style=\"color: #003366;\"><strong>Nathalie<\/strong> : &#8220;Lors des s\u00e9ances, j&#8217;ai beaucoup parl\u00e9 et les s\u00e9ances de sophrologie et d&#8217;hypnose m&#8217;ont beaucoup apport\u00e9es sur le plan personnel et professionnel. J&#8217;ai vu beaucoup de professionnels et essayer plusieurs m\u00e9thodes pour mes soucis et c&#8217;est la premi\u00e8re fois que j&#8217;ai un r\u00e9sultat aussi rapide. Merci Mme Duclos&#8221;.<\/span><\/h6>\n<p>\u00a0<\/p>\n<h6 style=\"text-align: left;\"><span style=\"color: #083304;\"><span style=\"color: #993300;\"><strong>Anne :<\/strong> &#8220;Gr\u00e2ce aux s\u00e9ances de sophrologie, j&#8217;ai r\u00e9ussi \u00e0 faire un gros travail sur la confiance en moi&#8221;. <\/span><br \/><\/span><\/h6>\n<p>\u00a0<\/p>\n<h6><span style=\"color: #003366;\"><strong>Ma\u00eblle :<\/strong> &#8220;Ma fille a fait plusieurs s\u00e9ances, au d\u00e9but pour apprendre \u00e0 g\u00e9rer les migraines qu&#8217;elle avait, ensuite pour qu&#8217;elle ait plus confiance en elle. On s&#8217;est vu fin ao\u00fbt 2016 car elle avait une appr\u00e9hension de la rentr\u00e9e et de l&#8217;internat (dans son nouveau lyc\u00e9e). La rentr\u00e9e s&#8217;est tr\u00e8s bien pass\u00e9e elle adore l&#8217;internat et les notes et appr\u00e9ciations de ses profs sont bonnes. Elle m&#8217;a avou\u00e9 que les s\u00e9ances lui avaient \u00e9t\u00e9 tr\u00e8s b\u00e9n\u00e9fiques&#8221;.<\/span><\/h6>\n<p>\u00a0<\/p>\n<h6><span style=\"color: #993300;\"><strong>Anne-Marie<\/strong> : &#8220;Magalie est une excellente sophrologue qui m&#8217;offre son temps, sa pr\u00e9sence, sa gentillesse, son talent, son sourire, son pr\u00e9cieux r\u00e9confort. Merci !&#8221;<\/span><\/h6>\n<p>\u00a0<\/p>\n<h6><span style=\"color: #003366;\"><strong>Florent :<\/strong> &#8220;J&#8217;ai appris \u00e0 calmer la nervosit\u00e9, mes inqui\u00e9tudes, mes maux de ventre, mes maux de t\u00eate. Cela n&#8217;est pas \u00e9tonnant que ce soit une sciences reconnue et remboursable par la compl\u00e9mentaire sant\u00e9&#8221;.<\/span><\/h6>\n<p>\u00a0<\/p>\n<h6><span style=\"color: #993300;\"><strong>Anne :<\/strong> &#8220;Magalie m&#8217;aide depuis au moins 1 an environ \u00e0 me reconstruire suite \u00e0 un burn out. La sophrologie au d\u00e9part puis l&#8217;hypnoth\u00e9rapie m&#8217;ont beaucoup apport\u00e9 (moins de stress, perte de poids). C&#8217;est une personne pos\u00e9e qui est toujours \u00e0 l&#8217;\u00e9coute et je lui ai d\u00e9j\u00e0 envoy\u00e9e une amie qui l&#8217;appr\u00e9cie \u00e9norm\u00e9ment \u00e9galement. Merci Magalie pour votre aide, votre soutien et votre professionnalisme&#8221;.<\/span><\/h6>\n<p>\u00a0<\/p>\n\n\n<div class=\"wp-block-image\"><figure class=\"aligncenter size-large is-resized\"><a href=\"https:\/\/www.sophrologue72.fr\/wp-content\/uploads\/2021\/01\/FB_IMG_1535914422775.jpg\"><img loading=\"lazy\" src=\"https:\/\/www.sophrologue72.fr\/wp-content\/uploads\/2021\/01\/FB_IMG_1535914422775.jpg\" alt=\"\" class=\"wp-image-3365\" width=\"393\" height=\"490\" srcset=\"https:\/\/www.sophrologue72.fr\/wp-content\/uploads\/2021\/01\/FB_IMG_1535914422775.jpg 720w, https:\/\/www.sophrologue72.fr\/wp-content\/uploads\/2021\/01\/FB_IMG_1535914422775-240x300.jpg 240w\" sizes=\"(max-width: 393px) 100vw, 393px\" \/><\/a><\/figure><\/div>\n\n\n\n<p><\/p>\n","protected":false},"excerpt":{"rendered":"<p>T\u00c9MOIGNAGES (Extraits) Ces t\u00e9moignages \u00e9crits ont \u00e9t\u00e9 recueillis aupr\u00e8s des personnes que j&#8217;ai accompagn\u00e9es dans le cadre des s\u00e9ances de sophrologie et ou d&#8217;hypnose. Je remercie les personnes d&#8217;en avoir accepter la publication. \u00a0 Pascale : &#8220;Plus de s\u00e9r\u00e9nit\u00e9 moins <a class=\"more-link\" href=\"https:\/\/www.sophrologue72.fr\/?page_id=120\">Continuer la lecture <span class=\"screen-reader-text\">  TEMOIGNAGES<\/span><span class=\"meta-nav\">&rarr;<\/span><\/a><\/p>\n","protected":false},"author":2,"featured_media":0,"parent":0,"menu_order":0,"comment_status":"closed","ping_status":"closed","template":"page-fullwidth.php","meta":[],"_links":{"self":[{"href":"https:\/\/www.sophrologue72.fr\/index.php?rest_route=\/wp\/v2\/pages\/120"}],"collection":[{"href":"https:\/\/www.sophrologue72.fr\/index.php?rest_route=\/wp\/v2\/pages"}],"about":[{"href":"https:\/\/www.sophrologue72.fr\/index.php?rest_route=\/wp\/v2\/types\/page"}],"author":[{"embeddable":true,"href":"https:\/\/www.sophrologue72.fr\/index.php?rest_route=\/wp\/v2\/users\/2"}],"replies":[{"embeddable":true,"href":"https:\/\/www.sophrologue72.fr\/index.php?rest_route=%2Fwp%2Fv2%2Fcomments&post=120"}],"version-history":[{"count":9,"href":"https:\/\/www.sophrologue72.fr\/index.php?rest_route=\/wp\/v2\/pages\/120\/revisions"}],"predecessor-version":[{"id":3783,"href":"https:\/\/www.sophrologue72.fr\/index.php?rest_route=\/wp\/v2\/pages\/120\/revisions\/3783"}],"wp:attachment":[{"href":"https:\/\/www.sophrologue72.fr\/index.php?rest_route=%2Fwp%2Fv2%2Fmedia&parent=120"}],"curies":[{"name":"wp","href":"https:\/\/api.w.org\/{rel}","templated":true}]}}