{"id":135,"date":"2014-10-08T20:13:56","date_gmt":"2014-10-08T19:13:56","guid":{"rendered":"http:\/\/localhost\/?page_id=135"},"modified":"2023-02-16T11:09:38","modified_gmt":"2023-02-16T10:09:38","slug":"135-2","status":"publish","type":"page","link":"https:\/\/www.sophrologue72.fr\/?page_id=135","title":{"rendered":"TARIFS"},"content":{"rendered":"\n<figure class=\"wp-block-gallery columns-1 is-cropped\"><ul class=\"blocks-gallery-grid\"><li class=\"blocks-gallery-item\"><figure><img loading=\"lazy\" width=\"1024\" height=\"226\" src=\"https:\/\/www.sophrologue72.fr\/wp-content\/uploads\/2022\/01\/Logo2-1024x226.png\" alt=\"\" data-id=\"3667\" data-full-url=\"https:\/\/www.sophrologue72.fr\/wp-content\/uploads\/2022\/01\/Logo2.png\" data-link=\"https:\/\/www.sophrologue72.fr\/?attachment_id=3667\" class=\"wp-image-3667\" srcset=\"https:\/\/www.sophrologue72.fr\/wp-content\/uploads\/2022\/01\/Logo2-1024x226.png 1024w, https:\/\/www.sophrologue72.fr\/wp-content\/uploads\/2022\/01\/Logo2-300x66.png 300w, https:\/\/www.sophrologue72.fr\/wp-content\/uploads\/2022\/01\/Logo2-150x33.png 150w, https:\/\/www.sophrologue72.fr\/wp-content\/uploads\/2022\/01\/Logo2-768x169.png 768w, https:\/\/www.sophrologue72.fr\/wp-content\/uploads\/2022\/01\/Logo2.png 1516w\" sizes=\"(max-width: 1024px) 100vw, 1024px\" \/><\/figure><\/li><\/ul><\/figure>\n\n\n<hr \/>\n<h1 style=\"text-align: center;\"><span style=\"color: #ff0000;\"><strong>TARIFS<\/strong><\/span><\/h1>\n<h4 style=\"text-align: center;\">S\u00e9ances de sophrologie et d&#8217;hypnose<\/h4>\n<h2 style=\"text-align: center;\"><span style=\"color: #000000;\"><strong>(2023)<\/strong><br \/><\/span><\/h2>\n<p style=\"text-align: center;\">\u00a8Paiement par cartes bancaires, ch\u00e8ques, virements ou esp\u00e8ces.<\/p>\n<div id=\"block-5d77894f040c87268ab79db3\" class=\"sqs-block html-block sqs-block-html\" data-block-type=\"2\">\n<div class=\"sqs-block-content\">\n<h2 style=\"text-align: center;\">Le prix des s\u00e9ances individuelles est de 60\u20ac<\/h2>\n<ul>\n<li style=\"list-style-type: none;\">\n<ul data-rte-list=\"default\">\n<li>\n<p class=\"\" style=\"text-align: center;\">La dur\u00e9e des s\u00e9ances est d\u2019environ 1h \u00e0 1h30.<\/p>\n<\/li>\n<li>\n<p class=\"\" style=\"text-align: center;\">Les s\u00e9ances peuvent \u00eatre ponctuelles ou espac\u00e9es de\u00a0 2 \u00e0 3 semaines.<\/p>\n<\/li>\n<\/ul>\n<\/li>\n<\/ul>\n<p class=\"\"><strong><em>\u00a0<\/em><\/strong><\/p>\n<\/div>\n<\/div>\n<hr \/>\n<h2><img loading=\"lazy\" class=\"aligncenter size-full wp-image-4087\" src=\"https:\/\/www.sophrologue72.fr\/wp-content\/uploads\/2023\/01\/Tarifs-site-internet-2023-1.jpg\" alt=\"\" width=\"1587\" height=\"2245\" srcset=\"https:\/\/www.sophrologue72.fr\/wp-content\/uploads\/2023\/01\/Tarifs-site-internet-2023-1.jpg 1587w, https:\/\/www.sophrologue72.fr\/wp-content\/uploads\/2023\/01\/Tarifs-site-internet-2023-1-212x300.jpg 212w, https:\/\/www.sophrologue72.fr\/wp-content\/uploads\/2023\/01\/Tarifs-site-internet-2023-1-724x1024.jpg 724w, https:\/\/www.sophrologue72.fr\/wp-content\/uploads\/2023\/01\/Tarifs-site-internet-2023-1-106x150.jpg 106w, https:\/\/www.sophrologue72.fr\/wp-content\/uploads\/2023\/01\/Tarifs-site-internet-2023-1-768x1086.jpg 768w, https:\/\/www.sophrologue72.fr\/wp-content\/uploads\/2023\/01\/Tarifs-site-internet-2023-1-1086x1536.jpg 1086w, https:\/\/www.sophrologue72.fr\/wp-content\/uploads\/2023\/01\/Tarifs-site-internet-2023-1-1448x2048.jpg 1448w\" sizes=\"(max-width: 1587px) 100vw, 1587px\" \/>\u00a0Les prestations sont payables \u00e0 la fin de chaque s\u00e9ance en ch\u00e8ques ou en esp\u00e8ces ou carte bleue.<\/h2>\n<h6 style=\"text-align: center;\"><em>\u00a0<\/em><\/h6>\n<h6 style=\"text-align: center;\"><span style=\"color: #ff0000;\"><em>Pour les s\u00e9ances individuelles, s<\/em><em>i vous devez changer la date de votre rendez-vous, merci de m&#8217;en informer au plus vite afin de lib\u00e9rer le cr\u00e9neau pour une autre personne.<\/em><\/span><\/h6>\n<h6 style=\"text-align: center;\"><span style=\"color: #003366;\"><em><strong> Toute s\u00e9ance r\u00e9serv\u00e9e et non annul\u00e9e ou report\u00e9e 24h \u00e0 l&#8217;avance est due dans son int\u00e9gralit\u00e9.<\/strong><\/em><\/span><\/h6>\n<h6 style=\"text-align: center;\">\u00a0<\/h6>\n<p style=\"text-align: center;\"><em><span class=\"text-class-5\"><strong>Concernant les s\u00e9ances de sophrologie,<\/strong> il est pr\u00e9f\u00e9rable de faire 4\/5 s\u00e9ances afin de bien int\u00e9grer la m\u00e9thode, progresser et constater des changements positifs. C&#8217;est un entra\u00eenement r\u00e9gulier qui fait l\u2019efficacit\u00e9 de la m\u00e9thode. <\/span><\/em><\/p>\n<p style=\"text-align: center;\"><em><span class=\"text-class-5\"><strong>Concernant le nombre de s\u00e9ance d&#8217;hypnose<\/strong> cela varie selon chaque personne. Un s\u00e9ance peut suffire et parfois il en faudra 2, 3 , 4&#8230;.On ne peut jamais savoir le r\u00e9sultat \u00e0 l&#8217;avance, car c&#8217;est votre inconscient qui choisira sur quoi il veut travailler. Libre \u00e0 chacun de laisser passer 15 jours- 3 semaines avant d&#8217;avoir l&#8217;envie de refaire une s\u00e9ance. Mais vous gardez votre libre arbitre, c&#8217;est \u00e0 vous de choisir.<\/span>\u00a0<\/em><\/p>\n<h3 style=\"text-align: center;\"><strong><span style=\"color: #ff0000;\">\u00a0<span style=\"text-decoration: underline;\">Les s\u00e9ances collectives de sophrologie \/ Hypnose<\/span> <\/span><span style=\"color: #095c1a;\"><span style=\"color: #ff0000;\">:\u00a0<\/span> <\/span><\/strong><\/h3>\n<h4 style=\"text-align: center;\"><span style=\"color: #000000;\">&#8211; S\u00e9ance de 1h \u00e0 1h30<strong> : 20 euros <br \/><\/strong><\/span><\/h4>\n<h4 style=\"text-align: center;\"><span style=\"color: #000000;\">&#8211; Ateliers de 2 heures \u00e0 2h30<strong> : 30\u20ac<\/strong><\/span><span style=\"color: #800000;\"><strong><br \/><\/strong><\/span><\/h4>\n<p>\u00a0<\/p>\n<h4 style=\"text-align: center;\">\u00a0<\/h4>\n<p>\u00a0<\/p>\n<h6><span style=\"color: #003366;\">\u00a0<\/span><\/h6>\n<h6 style=\"text-align: center;\"><span style=\"color: #000000;\"><a style=\"color: #000000;\" href=\"http:\/\/www.etoiledunord.eu\/\"><strong><span style=\"text-decoration: underline;\">Contact et rendez-vous<\/span> :<\/strong> <\/a><\/span><\/h6>\n<h6 style=\"text-align: center;\"><span style=\"color: #800000;\"><a style=\"color: #800000;\" href=\"http:\/\/www.etoiledunord.eu\/\"><span style=\"color: #000000;\">Magalie DUCLOS &#8211; Sophrologue et praticienne en hypnose Ericksonienne et Hypnose SAJECE<\/span><\/a><\/span><\/h6>\n<h6 style=\"text-align: center;\"><span style=\"color: #000000;\"><a style=\"color: #000000;\" href=\"http:\/\/www.etoiledunord.eu\/\">7 Place du Dr Allain rue du 8 mai 72220 Teloch\u00e9<\/a> <\/span><\/h6>\n<h6 style=\"text-align: center;\"><span style=\"color: #000000;\"><a style=\"color: #000000;\" href=\"http:\/\/www.sophrologue72.fr\/?page_id=147\">1 All\u00e9e du Moulin de la Pelouse<\/a><\/span><\/h6>\n<h6 style=\"text-align: center;\"><span style=\"color: #000000;\">13 rue d&#8217;Or\u00e9e 72800 <a style=\"color: #000000;\" href=\"http:\/\/www.sandrine-loyer.com\/Cabinet_Objectif_Sante-Le_Lude.html\">Le Lude.<\/a><\/span><\/h6>\n<h3 style=\"text-align: center;\"><span style=\"color: #000000;\"><strong><a style=\"color: #000000;\" href=\"http:\/\/www.sandrine-loyer.com\/Cabinet_Objectif_Sante-Le_Lude.html\"> 07 82 35 24 72<\/a><\/strong><\/span><\/h3>\n<h6 style=\"text-align: center;\">\u00a0<\/h6>\n<hr \/><hr \/>\n<h2 class=\"titrePage\"><strong>Programme perte de poids Hypnose &amp; Naturopathie<\/strong><\/h2>\n<p class=\"calibreNoir\"><strong><em>Vous souhaitez perdre du poids mais vos \u00e9motions perturbatrices reprennent souvent le dessus ?<br \/>Vous cherchez par o\u00f9 commencer ou comment \u00e9viter les carences ?<\/em><\/strong><\/p>\n<p>Sandrine LOYER Naturopathe et Magalie DUCLOS Praticienne hypnose et sophrologue ont cr\u00e9\u00e9 pour vous un programme de s\u00e9ances combinant un travail sur les <span class=\"mise-en-valeur\">compulsions alimentaires<\/span> et autres \u00e9motions n\u00e9gatives, \u00e0 un travail sur l&#8217;<span class=\"mise-en-valeur\">alimentation aid\u00e9 des plantes et des huiles essentielles<\/span>&#8230;<\/p>\n<p>Il s&#8217;agit d&#8217;un v\u00e9ritable programme de d\u00e9veloppement personnel qui permet d&#8217;am\u00e9liorer l&#8217;estime de soi, se lib\u00e9rer des tensions n\u00e9gatives, tout en respectant votre rythme et votre \u00e9quilibre de sant\u00e9.<br \/>Le <span class=\"mise-en-valeur\">travail concert\u00e9 des 2 praticiennes<\/span> permet une <span class=\"mise-en-valeur\">\u00e9volution personnelle<\/span> adapt\u00e9e et durable.<\/p>\n<p>Le protocole inclut notamment 4 s\u00e9ances de Naturopathie, 4 s\u00e9ances d&#8217;Hypnose, 3 enveloppements en couverture de thermo-sudation aux huiles essentielles drainantes&#8230;<br \/>Consultez le programme d\u00e9taill\u00e9 ci-dessous.<\/p>\n<p><em class=\"calibreNoir\"><strong>Renseignements et inscriptions :<br \/>S. LOYER au 06-04-40-37-16 ou M. DUCLOS au 07-82-35-24-72<\/strong><\/em><span class=\"calibreNoir\"><br \/><\/span><\/p>\n<p><em><span style=\"color: #1e4d05;\"><strong>\u00a0<\/strong><\/span><\/em><\/p>\n<hr \/>\n<p><iframe title=\"Les m\u00e9canismes du stress au travail\" width=\"530\" height=\"298\" src=\"https:\/\/www.youtube.com\/embed\/B9P9k7o8Nxg?feature=oembed\" frameborder=\"0\" allow=\"accelerometer; autoplay; clipboard-write; encrypted-media; gyroscope; picture-in-picture; web-share\" allowfullscreen><\/iframe><\/p>\n<hr \/><hr \/>\n<h5>\u00a0<a href=\"http:\/\/www.sophrologue72.fr\/wp-content\/uploads\/2014\/10\/IMG_20180730_121110.jpg\"><img loading=\"lazy\" class=\"alignnone size-full wp-image-2641\" src=\"http:\/\/www.sophrologue72.fr\/wp-content\/uploads\/2014\/10\/IMG_20180730_121110.jpg\" alt=\"IMG_20180730_121110\" width=\"4160\" height=\"2336\" \/><\/a><\/h5>\n<h4 style=\"text-align: center;\"><span style=\"color: #1e4d05;\"><strong><span style=\"text-decoration: underline;\">TARIFS PROFESSIONNELS POUR LES ENTREPRISES<\/span><\/strong><\/span><\/h4>\n<h5 style=\"text-align: center;\"><span style=\"color: #000000;\"><strong><span style=\"color: #1e4d05;\"><em>Sur devis<\/em><\/span><br \/><\/strong><\/span><\/h5>\n<h5 style=\"text-align: center;\"><strong>\u00a0<span style=\"color: #000000;\"><em>* La sophrologie et l&#8217;hypnose ne sont pas des actes m\u00e9dicaux, ni des m\u00e9thodes de substitution de la m\u00e9decine officielle, mais peuvent \u00eatre compl\u00e9mentaires.<\/em><\/span><\/strong><\/h5>\n<h5 style=\"text-align: center;\"><span style=\"color: #000000;\"><strong><em>Elles ne sont pas prises en charge par la S\u00e9curit\u00e9 Sociale.<\/em><\/strong><\/span><\/h5>\n<h5 style=\"text-align: center;\"><span style=\"color: #000000;\"><strong><em>En revanche<\/em>,<em> renseignez-vous aupr\u00e8s de votre mutuelle car certaines remboursent les s\u00e9ances. <\/em><\/strong><\/span><\/h5>\n<h5 style=\"text-align: center;\"><span style=\"color: #000000;\"><em><strong>Cliquer ici : <span style=\"color: #0000ff;\"><a style=\"color: #0000ff;\" href=\"http:\/\/www.sophrologue72.fr\/wp-content\/uploads\/2014\/10\/Mutuelles-qui-remboursent.pdf\">Liste des mutuelles.<\/a><\/span><\/strong><br \/><\/em><\/span><\/h5>\n<div id=\"ffenetremailtomailModal\" style=\"z-index: 20002;\">\n<div id=\"ffenetremailtopopupModalMail\">\n<p><button id=\"ffenetremailtobuttonEmail\">Copy<\/button><textarea id=\"ffenetremailtotextArea\" style=\"height: 17px;\"><\/textarea><\/p>\n<\/div>\n<\/div>\n<div>\u00a0<\/div>","protected":false},"excerpt":{"rendered":"<p>TARIFS S\u00e9ances de sophrologie et d&#8217;hypnose (2023) \u00a8Paiement par cartes bancaires, ch\u00e8ques, virements ou esp\u00e8ces. Le prix des s\u00e9ances individuelles est de 60\u20ac La dur\u00e9e des s\u00e9ances est d\u2019environ 1h \u00e0 1h30. Les s\u00e9ances peuvent \u00eatre ponctuelles ou espac\u00e9es de\u00a0 <a class=\"more-link\" href=\"https:\/\/www.sophrologue72.fr\/?page_id=135\">Continuer la lecture <span class=\"screen-reader-text\">  TARIFS<\/span><span class=\"meta-nav\">&rarr;<\/span><\/a><\/p>\n","protected":false},"author":2,"featured_media":0,"parent":0,"menu_order":0,"comment_status":"closed","ping_status":"closed","template":"page-fullwidth.php","meta":[],"_links":{"self":[{"href":"https:\/\/www.sophrologue72.fr\/index.php?rest_route=\/wp\/v2\/pages\/135"}],"collection":[{"href":"https:\/\/www.sophrologue72.fr\/index.php?rest_route=\/wp\/v2\/pages"}],"about":[{"href":"https:\/\/www.sophrologue72.fr\/index.php?rest_route=\/wp\/v2\/types\/page"}],"author":[{"embeddable":true,"href":"https:\/\/www.sophrologue72.fr\/index.php?rest_route=\/wp\/v2\/users\/2"}],"replies":[{"embeddable":true,"href":"https:\/\/www.sophrologue72.fr\/index.php?rest_route=%2Fwp%2Fv2%2Fcomments&post=135"}],"version-history":[{"count":43,"href":"https:\/\/www.sophrologue72.fr\/index.php?rest_route=\/wp\/v2\/pages\/135\/revisions"}],"predecessor-version":[{"id":4110,"href":"https:\/\/www.sophrologue72.fr\/index.php?rest_route=\/wp\/v2\/pages\/135\/revisions\/4110"}],"wp:attachment":[{"href":"https:\/\/www.sophrologue72.fr\/index.php?rest_route=%2Fwp%2Fv2%2Fmedia&parent=135"}],"curies":[{"name":"wp","href":"https:\/\/api.w.org\/{rel}","templated":true}]}}