{"id":147,"date":"2014-10-08T20:24:48","date_gmt":"2014-10-08T19:24:48","guid":{"rendered":"http:\/\/localhost\/?page_id=147"},"modified":"2022-11-30T15:05:23","modified_gmt":"2022-11-30T14:05:23","slug":"contact","status":"publish","type":"page","link":"https:\/\/www.sophrologue72.fr\/?page_id=147","title":{"rendered":"CONTACT"},"content":{"rendered":"<h5 style=\"text-align: center;\"><\/h5>\n<h1><\/h1>\n<h1>\u00a0<img loading=\"lazy\" class=\"aligncenter size-full wp-image-4048\" src=\"https:\/\/www.sophrologue72.fr\/wp-content\/uploads\/2022\/11\/logo_2-scaled.jpg\" alt=\"\" width=\"2560\" height=\"1280\" srcset=\"https:\/\/www.sophrologue72.fr\/wp-content\/uploads\/2022\/11\/logo_2-scaled.jpg 2560w, https:\/\/www.sophrologue72.fr\/wp-content\/uploads\/2022\/11\/logo_2-300x150.jpg 300w, https:\/\/www.sophrologue72.fr\/wp-content\/uploads\/2022\/11\/logo_2-1024x512.jpg 1024w, https:\/\/www.sophrologue72.fr\/wp-content\/uploads\/2022\/11\/logo_2-150x75.jpg 150w, https:\/\/www.sophrologue72.fr\/wp-content\/uploads\/2022\/11\/logo_2-768x384.jpg 768w, https:\/\/www.sophrologue72.fr\/wp-content\/uploads\/2022\/11\/logo_2-1536x768.jpg 1536w, https:\/\/www.sophrologue72.fr\/wp-content\/uploads\/2022\/11\/logo_2-2048x1024.jpg 2048w\" sizes=\"(max-width: 2560px) 100vw, 2560px\" \/><\/h1>\n<h1><\/h1>\n<h1 style=\"text-align: center;\"><span style=\"color: #800000;\"><a style=\"color: #800000;\" href=\"http:\/\/www.etoiledunord.eu\/\"><strong><span style=\"text-decoration: underline;\">Contact et rendez-vous en ligne<\/span> :<\/strong> <\/a><\/span><\/h1>\n<p style=\"text-align: center;\">\n<p style=\"text-align: center;\"><a href=\"https:\/\/www.crenolib.fr\/prendre-rdv\/28425_magalie-duclos-sophrologue-72\">https:\/\/www.crenolib.fr\/prendre-rdv\/28425_magalie-duclos-sophrologue-72<\/a><\/p>\n<p><!--more--><\/p>\n<h4 style=\"text-align: center;\"><em>Du Lundi au samedi de 9h \u00e0 19h <\/em><\/h4>\n<h4 style=\"text-align: center;\"><em>\u00a0<\/em><\/h4>\n<hr \/>\n<h5 style=\"text-align: center;\"><span style=\"color: #000000;\"><a style=\"color: #000000;\" href=\"http:\/\/www.etoiledunord.eu\/\"><strong>Magalie DUCLOS\u00a0<\/strong> <\/a><\/span><\/h5>\n<h5 style=\"text-align: center;\"><span style=\"color: #000000;\"><a style=\"color: #000000;\" href=\"http:\/\/www.etoiledunord.eu\/\">Sophrologue et praticienne en hypnose Ericksonienne et hypnose Sajece<\/a><\/span><\/h5>\n<h4><\/h4>\n<p><span style=\"text-decoration: underline;\"><span style=\"color: #800080; text-decoration: underline;\"><strong>Teloch\u00e9 72220<\/strong><\/span><\/span> : rue du 8 mai 7 place du Dr Allain &#8211; En face de la pharmacie et de la biblioth\u00e8que &#8211; 1 er \u00e9tage.<\/p>\n<p><span style=\"text-decoration: underline;\"><span style=\"color: #800080; text-decoration: underline;\"><strong>Le Lude 72800<\/strong><\/span><\/span> : 13 rue d&#8217;Or\u00e9e &#8211; En face la pizz\u00e9ria le Vulcano et boutique A comme Bonheur.<\/p>\n<p><strong><span style=\"color: #800080;\">Mayet 72360 : <\/span><\/strong><span style=\"color: #000000;\">Moulin de la Pelouse<\/span><\/p>\n<h3 style=\"text-align: center;\"><span style=\"color: #000000;\"><strong><a style=\"color: #000000;\" href=\"http:\/\/www.sandrine-loyer.com\/Cabinet_Objectif_Sante-Le_Lude.html\"> 07 82 35 24 72<\/a><\/strong><\/span><\/h3>\n<h5 style=\"text-align: center;\"><\/h5>\n<h2 style=\"text-align: center;\"><strong><span style=\"color: #ff0000;\">\u00a0\u21d3 Formulaire de contact ci-dessous \u21d3<\/span><br \/>\n<\/strong><\/h2>\n<p style=\"text-align: center;\"><div role=\"form\" class=\"wpcf7\" id=\"wpcf7-f3395-o1\" lang=\"fr-FR\" dir=\"ltr\">\n<div class=\"screen-reader-response\"><p role=\"status\" aria-live=\"polite\" aria-atomic=\"true\"><\/p> <ul><\/ul><\/div>\n<form action=\"\/index.php?rest_route=%2Fwp%2Fv2%2Fpages%2F147#wpcf7-f3395-o1\" method=\"post\" class=\"wpcf7-form init\" novalidate=\"novalidate\" data-status=\"init\">\n<div style=\"display: none;\">\n<input type=\"hidden\" name=\"_wpcf7\" value=\"3395\" \/>\n<input type=\"hidden\" name=\"_wpcf7_version\" value=\"5.3.2\" \/>\n<input type=\"hidden\" name=\"_wpcf7_locale\" value=\"fr_FR\" \/>\n<input type=\"hidden\" name=\"_wpcf7_unit_tag\" value=\"wpcf7-f3395-o1\" \/>\n<input type=\"hidden\" name=\"_wpcf7_container_post\" value=\"0\" \/>\n<input type=\"hidden\" name=\"_wpcf7_posted_data_hash\" value=\"\" \/>\n<\/div>\n<p><label> Votre nom<br \/>\n    <span class=\"wpcf7-form-control-wrap your-name\"><input type=\"text\" name=\"your-name\" value=\"\" size=\"40\" class=\"wpcf7-form-control wpcf7-text wpcf7-validates-as-required\" aria-required=\"true\" aria-invalid=\"false\" \/><\/span> <\/label><\/p>\n<p><label> Votre e-mail<br \/>\n    <span class=\"wpcf7-form-control-wrap your-email\"><input type=\"email\" name=\"your-email\" value=\"\" size=\"40\" class=\"wpcf7-form-control wpcf7-text wpcf7-email wpcf7-validates-as-required wpcf7-validates-as-email\" aria-required=\"true\" aria-invalid=\"false\" \/><\/span> <\/label><\/p>\n<p><label> Objet<br \/>\n    <span class=\"wpcf7-form-control-wrap your-subject\"><input type=\"text\" name=\"your-subject\" value=\"\" size=\"40\" class=\"wpcf7-form-control wpcf7-text wpcf7-validates-as-required\" aria-required=\"true\" aria-invalid=\"false\" \/><\/span> <\/label><\/p>\n<p><label> Votre message (facultatif)<br \/>\n    <span class=\"wpcf7-form-control-wrap your-message\"><textarea name=\"your-message\" cols=\"40\" rows=\"10\" class=\"wpcf7-form-control wpcf7-textarea\" aria-invalid=\"false\"><\/textarea><\/span> <\/label><\/p>\n<p><input type=\"submit\" value=\"Envoyer\" class=\"wpcf7-form-control wpcf7-submit\" \/><\/p>\n<div class=\"wpcf7-response-output\" aria-hidden=\"true\"><\/div><\/form><\/div><\/p>\n<h2 style=\"text-align: center;\"><span style=\"color: #3366ff;\"><a style=\"color: #3366ff;\" href=\"http:\/\/www.sandrine-loyer.com\/Cabinet_Objectif_Sante-Le_Lude.html\"><em><strong><img loading=\"lazy\" class=\"aligncenter size-full wp-image-3847\" src=\"https:\/\/www.sophrologue72.fr\/wp-content\/uploads\/2022\/01\/cropped-cropped-logo6.jpg\" alt=\"\" width=\"1500\" height=\"829\" srcset=\"https:\/\/www.sophrologue72.fr\/wp-content\/uploads\/2022\/01\/cropped-cropped-logo6.jpg 1500w, https:\/\/www.sophrologue72.fr\/wp-content\/uploads\/2022\/01\/cropped-cropped-logo6-300x166.jpg 300w, https:\/\/www.sophrologue72.fr\/wp-content\/uploads\/2022\/01\/cropped-cropped-logo6-1024x566.jpg 1024w, https:\/\/www.sophrologue72.fr\/wp-content\/uploads\/2022\/01\/cropped-cropped-logo6-150x83.jpg 150w, https:\/\/www.sophrologue72.fr\/wp-content\/uploads\/2022\/01\/cropped-cropped-logo6-768x424.jpg 768w\" sizes=\"(max-width: 1500px) 100vw, 1500px\" \/>\u00a0<\/strong><\/em><\/a><\/span><\/h2>\n<h4 style=\"text-align: center;\"><\/h4>\n<p><iframe src=\"https:\/\/www.google.com\/maps\/embed?pb=!1m18!1m12!1m3!1d1343.965138562743!2d0.15785100674635663!3d47.646921714938955!2m3!1f0!2f0!3f0!3m2!1i1024!2i768!4f13.1!3m3!1m2!1s0x47e2a4d66c5455df%3A0x370f46074688e2fd!2s13+Rue+d'Or%C3%A9e%2C+72800+Le+Lude!5e0!3m2!1sfr!2sfr!4v1439222683412\" width=\"100%\" height=\"450\" frameborder=\"30\" allowfullscreen=\"allowfullscreen\"><\/iframe><\/p>\n<h1 style=\"text-align: center;\"><\/h1>\n<h2 style=\"text-align: center;\"><em>Pour toutes demandes d&#8217;informations ou prise de rendez-vous, vous pouvez\u00a0 utiliser le formulaire ci-dessous :<\/em><\/h2>\n<h2 style=\"text-align: center;\"><span style=\"color: #ff0000;\">\u00a0<\/span><\/h2>\n<hr \/>\n<p><a href=\"http:\/\/www.sophrologue72.fr\/wp-content\/uploads\/2014\/09\/photos-de-Mag-_-003.jpg\">\u00a0\u00a0\u00a0\u00a0\u00a0\u00a0\u00a0\u00a0\u00a0\u00a0\u00a0\u00a0\u00a0\u00a0\u00a0\u00a0\u00a0\u00a0\u00a0\u00a0\u00a0\u00a0\u00a0\u00a0\u00a0\u00a0\u00a0\u00a0\u00a0\u00a0\u00a0\u00a0\u00a0\u00a0\u00a0\u00a0 <\/a><a href=\"https:\/\/www.sophrologue72.fr\/wp-content\/uploads\/2021\/01\/FB_IMG_1529929553891.jpg\"><img loading=\"lazy\" class=\"size-medium wp-image-3361 aligncenter\" src=\"https:\/\/www.sophrologue72.fr\/wp-content\/uploads\/2021\/01\/FB_IMG_1529929553891-200x300.jpg\" alt=\"\" width=\"200\" height=\"300\" srcset=\"https:\/\/www.sophrologue72.fr\/wp-content\/uploads\/2021\/01\/FB_IMG_1529929553891-200x300.jpg 200w, https:\/\/www.sophrologue72.fr\/wp-content\/uploads\/2021\/01\/FB_IMG_1529929553891.jpg 427w\" sizes=\"(max-width: 200px) 100vw, 200px\" \/><\/a><\/p>\n<h1 style=\"text-align: center;\">07 82 35 24 72<\/h1>\n<h3 style=\"text-align: left;\"><em>\u00a0<\/em><\/h3>\n<h3 style=\"text-align: left;\"><em>Aidez d&#8217;autres personnes<\/em><\/h3>\n<h3 style=\"text-align: left;\"><em>\u00a0\u00a0\u00a0\u00a0\u00a0\u00a0\u00a0\u00a0\u00a0\u00a0\u00a0\u00a0\u00a0\u00a0\u00a0\u00a0\u00a0 A d\u00e9couvrir ces instants privil\u00e9gi\u00e9s<br \/>\n<\/em><\/h3>\n<h3 style=\"text-align: left;\"><em>\u00a0\u00a0\u00a0\u00a0\u00a0\u00a0\u00a0\u00a0\u00a0\u00a0\u00a0\u00a0\u00a0\u00a0\u00a0\u00a0\u00a0\u00a0\u00a0\u00a0\u00a0\u00a0\u00a0\u00a0\u00a0\u00a0 En laissant votre avis sur<\/em><\/h3>\n<h3><em>\u00a0 \u00a0 \u00a0 \u00a0 \u00a0 \u00a0 \u00a0 \u00a0 \u00a0 \u00a0 \u00a0 \u00a0 \u00a0 \u00a0 \u00a0 \u00a0 \u00a0 \u00a0 \u00a0 \u00a0 \u00a0 \u00a0 \u00a0 \u00a0 \u00a0 \u00a0 \u00a0 \u00a0 \u00a0 \u00a0 \u00a0<\/em><\/h3>\n<h3 style=\"text-align: center;\"><a href=\"https:\/\/www.facebook.com\/magalie.duclos.7\/\">Facebook<\/a><\/h3>\n<h3><em>\u00a0 ou sur<\/em><\/h3>\n<p style=\"text-align: center;\"><a href=\"https:\/\/www.google.fr\/search?q=sophrologue72&amp;ie=utf-8&amp;oe=utf-8&amp;channel=fs&amp;gws_rd=cr,ssl&amp;ei=kY6GVvS9FYW9aZDTgqgN&amp;&amp;&amp;&amp;&amp;&amp;&amp;&amp;#gws_rd=cr,ssl\"><img loading=\"lazy\" class=\" wp-image-1334 aligncenter\" src=\"http:\/\/www.sophrologue72.fr\/wp-content\/uploads\/2014\/10\/Google_recherches_2015.jpg\" alt=\"Google_recherches_2015\" width=\"152\" height=\"108\" \/><\/a><\/p>\n<h1 style=\"text-align: center;\"><strong><em>Merci !<br \/>\n<\/em><\/strong><\/h1>\n<h2 style=\"text-align: center;\"><\/h2>\n<h1 style=\"text-align: center;\"><\/h1>\n<p style=\"text-align: center;\">\n","protected":false},"excerpt":{"rendered":"<p>\u00a0 Contact et rendez-vous en ligne : https:\/\/www.crenolib.fr\/prendre-rdv\/28425_magalie-duclos-sophrologue-72<\/p>\n","protected":false},"author":2,"featured_media":0,"parent":0,"menu_order":0,"comment_status":"closed","ping_status":"closed","template":"page-fullwidth.php","meta":[],"_links":{"self":[{"href":"https:\/\/www.sophrologue72.fr\/index.php?rest_route=\/wp\/v2\/pages\/147"}],"collection":[{"href":"https:\/\/www.sophrologue72.fr\/index.php?rest_route=\/wp\/v2\/pages"}],"about":[{"href":"https:\/\/www.sophrologue72.fr\/index.php?rest_route=\/wp\/v2\/types\/page"}],"author":[{"embeddable":true,"href":"https:\/\/www.sophrologue72.fr\/index.php?rest_route=\/wp\/v2\/users\/2"}],"replies":[{"embeddable":true,"href":"https:\/\/www.sophrologue72.fr\/index.php?rest_route=%2Fwp%2Fv2%2Fcomments&post=147"}],"version-history":[{"count":31,"href":"https:\/\/www.sophrologue72.fr\/index.php?rest_route=\/wp\/v2\/pages\/147\/revisions"}],"predecessor-version":[{"id":4049,"href":"https:\/\/www.sophrologue72.fr\/index.php?rest_route=\/wp\/v2\/pages\/147\/revisions\/4049"}],"wp:attachment":[{"href":"https:\/\/www.sophrologue72.fr\/index.php?rest_route=%2Fwp%2Fv2%2Fmedia&parent=147"}],"curies":[{"name":"wp","href":"https:\/\/api.w.org\/{rel}","templated":true}]}}