{"id":153,"date":"2014-10-08T20:29:58","date_gmt":"2014-10-08T19:29:58","guid":{"rendered":"http:\/\/localhost\/?page_id=153"},"modified":"2025-05-05T08:16:34","modified_gmt":"2025-05-05T07:16:34","slug":"actualites","status":"publish","type":"page","link":"https:\/\/www.sophrologue72.fr\/?page_id=153","title":{"rendered":"AGENDA DES S\u00c9ANCES COLLECTIVES"},"content":{"rendered":"\n<p><\/p>\n\n\n\n<div class=\"wp-block-group\"><div class=\"wp-block-group__inner-container\">\n<div class=\"wp-block-group\"><div class=\"wp-block-group__inner-container\">\n<p><\/p>\n<\/div><\/div>\n<\/div><\/div>\n\n\n\n<div class=\"wp-block-image is-style-default\"><figure class=\"aligncenter size-large is-resized\"><img loading=\"lazy\" src=\"https:\/\/www.sophrologue72.fr\/wp-content\/uploads\/2022\/03\/MAG-2021-10-1015x1024.jpg\" alt=\"\" class=\"wp-image-3784\" width=\"260\" height=\"262\" srcset=\"https:\/\/www.sophrologue72.fr\/wp-content\/uploads\/2022\/03\/MAG-2021-10-1015x1024.jpg 1015w, https:\/\/www.sophrologue72.fr\/wp-content\/uploads\/2022\/03\/MAG-2021-10-297x300.jpg 297w, https:\/\/www.sophrologue72.fr\/wp-content\/uploads\/2022\/03\/MAG-2021-10-150x150.jpg 150w, https:\/\/www.sophrologue72.fr\/wp-content\/uploads\/2022\/03\/MAG-2021-10-768x775.jpg 768w, https:\/\/www.sophrologue72.fr\/wp-content\/uploads\/2022\/03\/MAG-2021-10.jpg 1080w\" sizes=\"(max-width: 260px) 100vw, 260px\" \/><\/figure><\/div>\n\n\n\n<p><\/p>\n\n\n\n<div class=\"wp-block-image\"><figure class=\"aligncenter size-large is-resized\"><img loading=\"lazy\" src=\"https:\/\/www.sophrologue72.fr\/wp-content\/uploads\/2022\/01\/cropped-Logo1-1-1024x904.jpg\" alt=\"\" class=\"wp-image-3745\" width=\"276\" height=\"244\" srcset=\"https:\/\/www.sophrologue72.fr\/wp-content\/uploads\/2022\/01\/cropped-Logo1-1-1024x904.jpg 1024w, https:\/\/www.sophrologue72.fr\/wp-content\/uploads\/2022\/01\/cropped-Logo1-1-300x265.jpg 300w, https:\/\/www.sophrologue72.fr\/wp-content\/uploads\/2022\/01\/cropped-Logo1-1-150x132.jpg 150w, https:\/\/www.sophrologue72.fr\/wp-content\/uploads\/2022\/01\/cropped-Logo1-1-768x678.jpg 768w, https:\/\/www.sophrologue72.fr\/wp-content\/uploads\/2022\/01\/cropped-Logo1-1.jpg 1098w\" sizes=\"(max-width: 276px) 100vw, 276px\" \/><\/figure><\/div>\n\n\n\n<p><\/p>\n\n\n\n<h1 class=\"has-text-align-center\">Prochaines s\u00e9ances collectives SOPHROLOGIE &#8211; 2025<\/h1>\n\n\n\n<div class=\"wp-block-image\"><figure class=\"aligncenter size-large\"><img loading=\"lazy\" width=\"724\" height=\"1024\" src=\"https:\/\/www.sophrologue72.fr\/wp-content\/uploads\/2025\/05\/Affiche-stop-grignotages-11-05-2025-724x1024.jpg\" alt=\"\" class=\"wp-image-4168\" srcset=\"https:\/\/www.sophrologue72.fr\/wp-content\/uploads\/2025\/05\/Affiche-stop-grignotages-11-05-2025-724x1024.jpg 724w, https:\/\/www.sophrologue72.fr\/wp-content\/uploads\/2025\/05\/Affiche-stop-grignotages-11-05-2025-212x300.jpg 212w, https:\/\/www.sophrologue72.fr\/wp-content\/uploads\/2025\/05\/Affiche-stop-grignotages-11-05-2025-106x150.jpg 106w, https:\/\/www.sophrologue72.fr\/wp-content\/uploads\/2025\/05\/Affiche-stop-grignotages-11-05-2025-768x1086.jpg 768w, https:\/\/www.sophrologue72.fr\/wp-content\/uploads\/2025\/05\/Affiche-stop-grignotages-11-05-2025-1086x1536.jpg 1086w, https:\/\/www.sophrologue72.fr\/wp-content\/uploads\/2025\/05\/Affiche-stop-grignotages-11-05-2025.jpg 1414w\" sizes=\"(max-width: 724px) 100vw, 724px\" \/><\/figure><\/div>\n\n\n\n<h1 class=\"has-text-align-center\">Prochaines s\u00e9ances collectives <\/h1>\n\n\n\n<h1 class=\"has-text-align-center\"><\/h1>\n\n\n\n<p class=\"has-text-align-center\">___________________________________________________________________________<\/p>\n\n\n\n<p><\/p>\n\n\n\n<p class=\"has-text-align-center\"><\/p>\n\n\n\n<div class=\"wp-block-columns alignfull\">\n<div class=\"wp-block-column is-vertically-aligned-center\" style=\"flex-basis:100%\">\n<div class=\"wp-block-group\"><div class=\"wp-block-group__inner-container\">\n<div class=\"wp-block-columns\">\n<div class=\"wp-block-column\" style=\"flex-basis:100%\">\n<div class=\"wp-block-group\"><div class=\"wp-block-group__inner-container\">\n<figure class=\"wp-block-gallery columns-0 is-cropped\"><ul class=\"blocks-gallery-grid\"><\/ul><\/figure>\n<\/div><\/div>\n<\/div>\n<\/div>\n<\/div><\/div>\n\n\n\n<div class=\"wp-block-group alignfull\"><div class=\"wp-block-group__inner-container\">\n<div class=\"wp-block-columns\">\n<div class=\"wp-block-column\" style=\"flex-basis:100%\">\n<p class=\"has-text-align-center\"><\/p>\n<\/div>\n<\/div>\n<\/div><\/div>\n<\/div>\n<\/div>\n\n\n\n<figure class=\"wp-block-gallery columns-0 is-cropped\"><ul class=\"blocks-gallery-grid\"><\/ul><\/figure>\n\n\n\n<p><\/p>\n\n\n\n<p><\/p>\n\n\n\n<p><\/p>\n\n\n\n<p><\/p>\n\n\n\n<p><\/p>\n\n\n\n<figure class=\"wp-block-gallery columns-0 is-cropped\"><ul class=\"blocks-gallery-grid\"><\/ul><\/figure>\n\n\n\n<h2 class=\"has-text-align-center\"><\/h2>\n\n\n\n<h2 class=\"has-text-align-center\"><\/h2>\n\n\n\n<p><\/p>\n\n\n\n<p><\/p>\n\n\n\n<p><\/p>\n\n\n\n<p><\/p>\n\n\n\n<p><strong><a href=\"https:\/\/www.sophrologie-stbrieuc.fr\/boutique-2\/\">Mes recommandations<\/a> :<\/strong><\/p>\n\n\n\n<figure class=\"wp-block-embed is-type-wp-embed is-provider-sylvie-louail-sophrologue-praticienne-en-hypnose-therapeutique wp-block-embed-sylvie-louail-sophrologue-praticienne-en-hypnose-therapeutique\"><div class=\"wp-block-embed__wrapper\">\nhttps:\/\/www.sophrologie-stbrieuc.fr\/boutique-2\/\n<\/div><\/figure>\n\n\n\n<h2><\/h2>\n\n\n<blockquote>\n<h3 style=\"text-align: left;\">&nbsp;<\/h3>\n<h6 style=\"text-align: left;\">=&gt; <strong>Stand de l&#8217; algue AFA, <\/strong>l&#8217;aliment naturel le plus complet de la plan\u00e8te !<\/h6>\n<h6 style=\"text-align: left;\">Soci\u00e9t\u00e9 Syner J Health &#8211; (J\u00e9r\u00e9my Gasneray) &#8211;<\/h6>\n<h6 style=\"text-align: left;\"><span style=\"text-decoration: underline;\">Contac<\/span>t : <strong>J\u00e9r\u00e9my Gasneray<\/strong><\/h6>\n<h6 style=\"text-align: left;\"><span style=\"text-decoration: underline;\">T\u00e9l <\/span>: <strong>06 62 31 16 23<\/strong> \/ <span style=\"text-decoration: underline;\">mail <\/span>: <strong>jeremygasneray@gmail.com<\/strong><\/h6>\n<p><\/p>\n<h6 style=\"text-align: center;\">&nbsp;<\/h6>\n<h6 style=\"text-align: center;\">&nbsp;<\/h6>\n<\/blockquote>\n<hr \/>\n<hr \/>\n<blockquote>\n<hr \/><\/blockquote>\n<hr \/>\n<hr \/>\n<h1 style=\"text-align: center;\">&nbsp;<\/h1>\n<p style=\"text-align: center;\">\n<\/p><h1 style=\"text-align: left;\">&nbsp;&nbsp;&nbsp;&nbsp;&nbsp;&nbsp;&nbsp;&nbsp;&nbsp;<\/h1>\n<h1 style=\"text-align: left;\">&nbsp;<\/h1>\n<p><\/p>\n<p style=\"text-align: center;\">\n<\/p><p style=\"text-align: center;\">\n<\/p><p style=\"text-align: center;\"><span style=\"color: #10692f;\"><em><strong>&nbsp;&nbsp;&nbsp;&nbsp;&nbsp;&nbsp;&nbsp;&nbsp; <br \/><\/strong><\/em><\/span><\/p>\n<h3 style=\"text-align: center;\">&nbsp;<\/h3>\n<p><\/p>\n<p><span style=\"color: #5c0707;\"><strong>&nbsp;<\/strong><\/span><\/p>\n\n\n<h2><\/h2>\n","protected":false},"excerpt":{"rendered":"<p>Prochaines s\u00e9ances collectives SOPHROLOGIE &#8211; 2025 Prochaines s\u00e9ances collectives ___________________________________________________________________________ Mes recommandations : &nbsp; =&gt; Stand de l&#8217; algue AFA, l&#8217;aliment naturel le plus complet de la plan\u00e8te ! Soci\u00e9t\u00e9 Syner J Health &#8211; (J\u00e9r\u00e9my Gasneray) &#8211; Contact : J\u00e9r\u00e9my <a class=\"more-link\" href=\"https:\/\/www.sophrologue72.fr\/?page_id=153\">Continuer la lecture <span class=\"screen-reader-text\">  AGENDA DES S\u00c9ANCES COLLECTIVES<\/span><span class=\"meta-nav\">&rarr;<\/span><\/a><\/p>\n","protected":false},"author":2,"featured_media":0,"parent":0,"menu_order":0,"comment_status":"closed","ping_status":"closed","template":"page-fullwidth.php","meta":[],"_links":{"self":[{"href":"https:\/\/www.sophrologue72.fr\/index.php?rest_route=\/wp\/v2\/pages\/153"}],"collection":[{"href":"https:\/\/www.sophrologue72.fr\/index.php?rest_route=\/wp\/v2\/pages"}],"about":[{"href":"https:\/\/www.sophrologue72.fr\/index.php?rest_route=\/wp\/v2\/types\/page"}],"author":[{"embeddable":true,"href":"https:\/\/www.sophrologue72.fr\/index.php?rest_route=\/wp\/v2\/users\/2"}],"replies":[{"embeddable":true,"href":"https:\/\/www.sophrologue72.fr\/index.php?rest_route=%2Fwp%2Fv2%2Fcomments&post=153"}],"version-history":[{"count":108,"href":"https:\/\/www.sophrologue72.fr\/index.php?rest_route=\/wp\/v2\/pages\/153\/revisions"}],"predecessor-version":[{"id":4172,"href":"https:\/\/www.sophrologue72.fr\/index.php?rest_route=\/wp\/v2\/pages\/153\/revisions\/4172"}],"wp:attachment":[{"href":"https:\/\/www.sophrologue72.fr\/index.php?rest_route=%2Fwp%2Fv2%2Fmedia&parent=153"}],"curies":[{"name":"wp","href":"https:\/\/api.w.org\/{rel}","templated":true}]}}