{"id":3192,"date":"2021-01-18T14:46:25","date_gmt":"2021-01-18T13:46:25","guid":{"rendered":"https:\/\/www.sophrologue72.fr\/?page_id=3192"},"modified":"2023-02-02T14:50:26","modified_gmt":"2023-02-02T13:50:26","slug":"mes-qualifications","status":"publish","type":"page","link":"https:\/\/www.sophrologue72.fr\/?page_id=3192","title":{"rendered":"MES QUALIFICATIONS"},"content":{"rendered":"\n<div class=\"wp-block-image\"><figure class=\"aligncenter size-large\"><img loading=\"lazy\" width=\"1024\" height=\"370\" src=\"https:\/\/www.sophrologue72.fr\/wp-content\/uploads\/2022\/01\/Logo4-1-1024x370.jpg\" alt=\"\" class=\"wp-image-3659\" srcset=\"https:\/\/www.sophrologue72.fr\/wp-content\/uploads\/2022\/01\/Logo4-1-1024x370.jpg 1024w, https:\/\/www.sophrologue72.fr\/wp-content\/uploads\/2022\/01\/Logo4-1-300x109.jpg 300w, https:\/\/www.sophrologue72.fr\/wp-content\/uploads\/2022\/01\/Logo4-1-150x54.jpg 150w, https:\/\/www.sophrologue72.fr\/wp-content\/uploads\/2022\/01\/Logo4-1-768x278.jpg 768w, https:\/\/www.sophrologue72.fr\/wp-content\/uploads\/2022\/01\/Logo4-1-1536x556.jpg 1536w, https:\/\/www.sophrologue72.fr\/wp-content\/uploads\/2022\/01\/Logo4-1.jpg 1750w\" sizes=\"(max-width: 1024px) 100vw, 1024px\" \/><\/figure><\/div>\n\n\n\n<p><\/p>\n\n\n\n<h2 class=\"has-text-align-center\"><strong>SOPH<\/strong>ROLOGIE&nbsp;<\/h2>\n\n\n\n<div class=\"wp-block-image\"><figure class=\"aligncenter is-resized\"><img loading=\"lazy\" src=\"https:\/\/www.sophrologue72.fr\/wp-content\/uploads\/2021\/01\/Logo-ISR2019@100PPI-600x589.png\" alt=\"\" class=\"wp-image-3236\" width=\"173\" height=\"169\" srcset=\"https:\/\/www.sophrologue72.fr\/wp-content\/uploads\/2021\/01\/Logo-ISR2019@100PPI-600x589.png 600w, https:\/\/www.sophrologue72.fr\/wp-content\/uploads\/2021\/01\/Logo-ISR2019@100PPI-600x589-300x295.png 300w\" sizes=\"(max-width: 173px) 100vw, 173px\" \/><\/figure><\/div>\n\n\n\n<p> &nbsp; &nbsp; &nbsp; &nbsp; &nbsp; &nbsp;&nbsp;&nbsp; &nbsp;&nbsp;&nbsp; &nbsp; &nbsp; &nbsp; &nbsp; &nbsp; &nbsp; &nbsp;&nbsp;&nbsp;&nbsp; <a href=\"http:\/\/feps-sophrologie.fr\/accueil.html\"><\/a><a href=\"http:\/\/www.sophrologie-formations.com\/\"><\/a><\/p>\n\n\n\n<blockquote class=\"wp-block-quote is-style-default\"><p><strong>Titre de Sophrologue<\/strong> d\u00e9livr\u00e9 par la <strong>F.E.P.S<\/strong>., inscrit au R\u00e9pertoire National de la Certification Professionnelle \u2013 <strong>RNCP<\/strong>, <strong>reconnu niveau III par L\u2019Etat<\/strong>. <\/p><p><strong>RDC1 \u00e0 RDC12.<\/strong><\/p><\/blockquote>\n\n\n\n<p class=\"has-text-color\" style=\"color:#0d00a3\"><\/p>\n\n\n\n<blockquote class=\"wp-block-quote\"><p><strong>Sophrologue dipl\u00f4m\u00e9e et certifi\u00e9e de l\u2019Institut de Sophrologie de Rennes \u2013 I.S.R.<\/strong>, sous la Direction de<strong> Monsieur Pascal Gautier<\/strong> et de la F\u00e9d\u00e9ration des \u00c9coles Professionnelles en Sophrologie \u2013 <strong>F.E.P.S.<\/strong><\/p><\/blockquote>\n\n\n\n<div class=\"wp-block-image\"><figure class=\"aligncenter\"><img loading=\"lazy\" width=\"162\" height=\"154\" src=\"https:\/\/www.sophrologue72.fr\/wp-content\/uploads\/2021\/01\/feps-logo.png\" alt=\"\" class=\"wp-image-3239\"\/><\/figure><\/div>\n\n\n\n<blockquote class=\"wp-block-quote\"><p> <br \/><strong>Dipl\u00f4m\u00e9e en Sophrologie Approfondie (D.S.A)<\/strong> sous la Direction de Monsieur <strong>Pascal Gautier<\/strong>, (Relaxations Dynamiques et techniques sp\u00e9cifiques du 1er au 12\u00e8me degr\u00e9).<\/p><\/blockquote>\n\n\n\n<p><\/p>\n\n\n\n<h2><\/h2>\n\n\n\n<p> \u2022 <strong>Membre du Syndicat d<\/strong><strong>es Sophrologues Professionnels<\/strong><\/p>\n\n\n\n<h5><a rel=\"noreferrer noopener\" href=\"http:\/\/www.syndicat-sophrologues.fr\/\" target=\"_blank\"><\/a>&#8212;&#8212;&#8212;&#8212;&#8212;&#8212;&#8212;&#8212;&#8212;&#8212;&#8212;&#8212;&#8212;&#8212;&#8212;&#8212;&#8212;&#8212;&#8212;&#8212;&#8212;&#8212;&#8212;&#8212;&#8212;&#8212;&#8212;&#8212;&#8212;-<\/h5>\n\n\n\n<hr class=\"wp-block-separator\"\/>\n\n\n\n<p class=\"has-medium-gray-background-color has-background\"><strong>Je suis sp\u00e9cialis\u00e9e en SOPHROLOGIE dans les domaines suivants :<\/strong><\/p>\n\n\n\n<ul><li> Sophrologie et <strong>\u00e9motions<\/strong> : Form\u00e9e par Pascal Gautier, Directeur de l\u2019Institut de Sophrologie de Rennes (ISR), formateur, sophrologue depuis 1993 et psychologue depuis 1999. <\/li><\/ul>\n\n\n\n<ul><li> &nbsp;Sophrologie et <strong>stress<\/strong>  : Form\u00e9e par Pascal Gautier, Directeur de l\u2019Institut de Sophrologie de  Rennes, sophrologue, psychologue, formateur et Fran\u00e7ois Pillu,  sophrologue dipl\u00f4m\u00e9 de l\u2019Institut de Sophrologie de Rennes.<\/li><\/ul>\n\n\n\n<ul><li> Sophrologie <strong>p\u00e9dagogie et apprentissage<\/strong> : Form\u00e9e  par Enora Denis, sophrologue en lib\u00e9ral \u00e0 Vannes, dipl\u00f4m\u00e9e de  l\u2019Institut de Sophrologie de Rennes sous la direction de Bernard  Santerre. Dipl\u00f4m\u00e9e en Hypnose \u00e9ricksonienne et th\u00e9rapie br\u00e8ve. <\/li><\/ul>\n\n\n\n<ul><li> Sophrologie <strong>enfance et jeunesse<\/strong> : Form\u00e9e  par Marjorie Hauser, sophrologue dipl\u00f4m\u00e9e de l\u2019Institut de Sophrologie  de Rennes, form\u00e9 \u00e0 la sophrologie ludique et au yoga du rire. <\/li><\/ul>\n\n\n\n<ul><li> Sophrologie <strong>ludique<\/strong> :  Form\u00e9e par Claudia Sanchez et Ricardo Lopez, cr\u00e9ateurs de la  sophrologie ludique, sophrologues de l\u2019\u00e9ducation et de la pr\u00e9vention  (CH- Neuch\u00e2tel). <\/li><\/ul>\n\n\n\n<ul><li> <strong>L\u2019histoire de la sophrologie en pratique<\/strong> : Form\u00e9e par Fran\u00e7ois Pillu, sophrologue dipl\u00f4m\u00e9 de l\u2019Institut de Sophrologie de Rennes. <\/li><li> Sophrologie <strong>dans le monde du travail<\/strong> : Form\u00e9e par Mich\u00e8le Monnier, sophrologue-coach. <\/li><\/ul>\n\n\n\n<ul><li> Approche <strong>sophrologique factorielle<\/strong> : form\u00e9e par Norbert Cassini, Directeur de l\u2019\u00e9cole fran\u00e7aise de Sophrologie de Montpellier. <\/li><\/ul>\n\n\n\n<ul><li> Sophrologie et <strong>risques psycho-sociaux<\/strong>&nbsp; : form\u00e9e par Richard Esposito, Directeur du CFSP, sophrologue Directeur du comit\u00e9 \u00e9ditorial du magazine \u00absophrologie \u00bb et Lydia Letondeur, psychologue, sophrologue. <\/li><\/ul>\n\n\n\n<ul><li> Sophrologie<strong> sport et performances<\/strong> : Form\u00e9e par Dominique Aubert, Co-Directeur de l\u2019Institut de Sophrologie de Rennes, sophrologue, formateur, masseur Kin\u00e9sith\u00e9rapeute. <\/li><\/ul>\n\n\n\n<ul><li> Sophrologie <strong>douleurs et acouph\u00e8nes<\/strong> :  Form\u00e9e par Marie-Th\u00e9r\u00e8se Paul-Coudray, sophrologue infirmi\u00e8re, dipl\u00f4m\u00e9e  de l\u2019I.S.R. et Patricia Gr\u00e9vin, sophrologue et sophro-analyste de la  F.F.D.S.&nbsp; <\/li><\/ul>\n\n\n\n<ul><li> Accompagnement \u00e0<strong> la maternit\u00e9 et la paternit\u00e9 :<\/strong> Form\u00e9e par Catherine Bassereau, sage-femme, sophrologue et praticienne hypnose Ericksonnienne. <\/li><\/ul>\n\n\n\n<ul><li>Sp\u00e9cialisation en <strong>gestion du sommeil :<\/strong> Form\u00e9e par St\u00e9phane Giraudeau et Caroline Rome, sophrologues attach\u00e9s au centre du sommeil de l\u2019H\u00f4tel-Dieu \u00e0 Paris. <\/li><\/ul>\n\n\n\n<p><\/p>\n\n\n\n<ul><li>Sophrologie &#8211; <strong>Peurs et angoisses <\/strong>: Form\u00e9e par Nathalie Vallet Sophrologue<\/li><\/ul>\n\n\n\n<p><\/p>\n\n\n\n<p><\/p>\n\n\n\n<hr class=\"wp-block-separator\"\/>\n\n\n\n<ul><li> <strong>Formation<\/strong> <strong>\u00e0 l\u2019\u00e9coute des personnes adultes en deuil<\/strong> :  Form\u00e9e par Sylvie Martin, psychoth\u00e9rapeute et sp\u00e9cialiste de la  relation d\u2019aide centr\u00e9e sur la personne, dans le cadre de l\u2019association  Vivre Son Deuil Basse Normandie pr\u00e9sid\u00e9e par Nicole Bonnet. <\/li><\/ul>\n\n\n\n<p><\/p>\n\n\n\n<ul><li><strong>Formation en psychologie positive <\/strong>: Accompagnement des personnes en d\u00e9pression, burn-out, surmenage&#8230;<\/li><li>Form\u00e9e \u00e0 l\u2019outil <strong>photolangage<\/strong> avec Claire B\u00e9lisle, Docteur en psychologie et co-cr\u00e9atrice de photolangage.<\/li><\/ul>\n\n\n\n<ul><li><a href=\"http:\/\/www.sophrologie-formations.com\/\">Institut de Sophrologie de Rennes<\/a><\/li><li><a href=\"http:\/\/www.syndicat-sophrologues.fr\/\">Syndicat des Sophrologues Professionnels<\/a><\/li><li><a href=\"http:\/\/www.annuaire.sophrologues.fr\" target=\"_blank\" rel=\"noreferrer noopener\">Annuaire des Sophrologues<\/a><\/li><li><a href=\"http:\/\/www.sophrologie-info.com\" target=\"_blank\" rel=\"noreferrer noopener\">Sophrologie info<\/a><\/li><\/ul>\n\n\n\n<hr class=\"wp-block-separator\"\/>\n\n\n\n<h1 class=\"has-text-align-center\"><strong>HYPNOSE <\/strong><\/h1>\n\n\n\n<p><\/p>\n\n\n\n<h1 class=\"has-text-align-center\"><strong><br \/> <\/strong><\/h1>\n\n\n\n<ul><li> <strong>Certificat d\u2019 hypnose Ericksonienne<\/strong>  au centre de formation \u00e0 Nantes Hexafor sous la Direction de Bertrand  H\u00e9not, en collaboration avec Gr\u00e9gory Perrin et les Drs Alain Vall\u00e9e,&nbsp;  Julien Betb\u00e8ze et Emmanuel Malphettes.&nbsp; <\/li><\/ul>\n\n\n\n<ul><li> <strong>Certificat de praticienne en hypnose th\u00e9rapeutique pour sophrologue <\/strong>:  D\u00e9livr\u00e9 par l\u2019\u00e9cole de formation de Blois sous la Direction de Monsieur  Patrick Goupy,&nbsp; sp\u00e9cialis\u00e9 dans les Th\u00e9rapies Br\u00e8ves Int\u00e9gratives  (hypnose th\u00e9rapeutique, sophrologie, relaxation, Emdr-Dms, Eft). <\/li><\/ul>\n\n\n\n<ul><li> <strong>Dipl\u00f4me de Ma\u00eetre Praticienne en Hypnose Sajece,<\/strong> form\u00e9e&nbsp; avec Camille Griselin.<\/li><\/ul>\n\n\n\n<figure class=\"wp-block-image size-large\"><img loading=\"lazy\" width=\"1024\" height=\"417\" src=\"https:\/\/www.sophrologue72.fr\/wp-content\/uploads\/2021\/06\/Logo-formation_Maitre-praticien-SAJECE-1024x417.png\" alt=\"\" class=\"wp-image-3501\" srcset=\"https:\/\/www.sophrologue72.fr\/wp-content\/uploads\/2021\/06\/Logo-formation_Maitre-praticien-SAJECE-1024x417.png 1024w, https:\/\/www.sophrologue72.fr\/wp-content\/uploads\/2021\/06\/Logo-formation_Maitre-praticien-SAJECE-300x122.png 300w, https:\/\/www.sophrologue72.fr\/wp-content\/uploads\/2021\/06\/Logo-formation_Maitre-praticien-SAJECE-150x61.png 150w, https:\/\/www.sophrologue72.fr\/wp-content\/uploads\/2021\/06\/Logo-formation_Maitre-praticien-SAJECE-768x313.png 768w, https:\/\/www.sophrologue72.fr\/wp-content\/uploads\/2021\/06\/Logo-formation_Maitre-praticien-SAJECE-980x400.png 980w, https:\/\/www.sophrologue72.fr\/wp-content\/uploads\/2021\/06\/Logo-formation_Maitre-praticien-SAJECE.png 1154w\" sizes=\"(max-width: 1024px) 100vw, 1024px\" \/><\/figure>\n\n\n\n<p><strong><span class=\"has-inline-color has-blue-color\">Je suis sp\u00e9cialis\u00e9e en HYPNOSE dans les domaines suivants :<\/span><\/strong><\/p>\n\n\n\n<ul><li><strong>R\u00e9gulation des d\u00e9r\u00e8glements<\/strong> (peurs, allergies&#8230;.)  : Lou Ken &#8211; Formateur Hypnose m\u00e9thode JIA<\/li><\/ul>\n\n\n\n<ul><li><strong>Deuil et rupture des liens de douleurs <\/strong>: C\u00e9line Perrin  &#8211; Formatrice en hypnose Humaniste et Ericksonienne<\/li><\/ul>\n\n\n\n<p><\/p>\n\n\n\n<ul><li><strong>L&#8217;hypnose pour<\/strong> : Le Sevrage tabagique, programme minceur, arr\u00eater les compulsions alimentaires, mieux g\u00e9rer le stress, mieux dormir, l\u00e2cher prise, s&#8217;autoriser \u00e0 se d\u00e9tendre, renforcer le positif, soulager les douleurs, acceptation de soi, pr\u00e9parer un concours, am\u00e9liorer la concentration, la m\u00e9moire, un examen, apporter du calme en soi, renforcer la confiance en soi et l&#8217;estime de soi m\u00eame, renforcer la vitalit\u00e9,  arr\u00eater l&#8217;auto sabotage, arr\u00eater de culpabiliser, mieux vivre avec l&#8217;hypersensibilit\u00e9, mieux vivre avec les acouph\u00e8nes, se d\u00e9barrasser des peurs, tocs, rebondir apr\u00e8s un \u00e9chec, mieux accepter une s\u00e9paration, un deuil, la solitude, trouver des solutions, prendre des d\u00e9cisions, faire des choix et acc\u00e9der \u00e0 une nouvelle orientation professionnelle, arr\u00eater de remettre au lendemain (La procrastination), Pr\u00e9paration pour une comp\u00e9tition sportive, pr\u00e9parer un \u00e9v\u00e9nement, sortir du burn out, la d\u00e9pression, le surmenage, apaiser l&#8217;enfant int\u00e9rieur, vivre pleinement l&#8217;instant pr\u00e9sent, accepter de prendre du temps pour soi, atteindre et r\u00e9ussir ses objectifs, acc\u00e9der \u00e0 un mieux \u00eatre, un bien-\u00eatre, et \u00eatre pleinement soi-m\u00eame, d\u00e9velopper ses capacit\u00e9s, ses qualit\u00e9s, son potentiel&#8230; <\/li><\/ul>\n\n\n\n<div class=\"wp-block-image\"><figure class=\"alignleft size-large is-resized\"><a href=\"https:\/\/www.sophrologue72.fr\/wp-content\/uploads\/2021\/01\/Hypnose-sajece-logo.png\"><img loading=\"lazy\" src=\"https:\/\/www.sophrologue72.fr\/wp-content\/uploads\/2021\/01\/Hypnose-sajece-logo.png\" alt=\"\" class=\"wp-image-3307\" width=\"155\" height=\"52\" srcset=\"https:\/\/www.sophrologue72.fr\/wp-content\/uploads\/2021\/01\/Hypnose-sajece-logo.png 720w, https:\/\/www.sophrologue72.fr\/wp-content\/uploads\/2021\/01\/Hypnose-sajece-logo-300x101.png 300w\" sizes=\"(max-width: 155px) 100vw, 155px\" \/><\/a><\/figure><\/div>\n\n\n\n<div class=\"wp-block-image\"><figure class=\"aligncenter size-large is-resized\"><a href=\"https:\/\/www.sophrologue72.fr\/wp-content\/uploads\/2021\/01\/tome-i-de-l-integrale-des-articles-de-milton-h-erickson-sur-l-hypnose.jpg\"><img loading=\"lazy\" src=\"https:\/\/www.sophrologue72.fr\/wp-content\/uploads\/2021\/01\/tome-i-de-l-integrale-des-articles-de-milton-h-erickson-sur-l-hypnose.jpg\" alt=\"\" class=\"wp-image-3315\" width=\"235\" height=\"297\" srcset=\"https:\/\/www.sophrologue72.fr\/wp-content\/uploads\/2021\/01\/tome-i-de-l-integrale-des-articles-de-milton-h-erickson-sur-l-hypnose.jpg 364w, https:\/\/www.sophrologue72.fr\/wp-content\/uploads\/2021\/01\/tome-i-de-l-integrale-des-articles-de-milton-h-erickson-sur-l-hypnose-237x300.jpg 237w\" sizes=\"(max-width: 235px) 100vw, 235px\" \/><\/a><\/figure><\/div>\n","protected":false},"excerpt":{"rendered":"<p>SOPHROLOGIE&nbsp; &nbsp; &nbsp; &nbsp; &nbsp; &nbsp; &nbsp;&nbsp;&nbsp; &nbsp;&nbsp;&nbsp; &nbsp; &nbsp; &nbsp; &nbsp; &nbsp; &nbsp; &nbsp;&nbsp;&nbsp;&nbsp; Titre de Sophrologue d\u00e9livr\u00e9 par la F.E.P.S., inscrit au R\u00e9pertoire National de la Certification Professionnelle \u2013 RNCP, reconnu niveau III par L\u2019Etat. RDC1 \u00e0 RDC12. <a class=\"more-link\" href=\"https:\/\/www.sophrologue72.fr\/?page_id=3192\">Continuer la lecture <span class=\"screen-reader-text\">  MES QUALIFICATIONS<\/span><span class=\"meta-nav\">&rarr;<\/span><\/a><\/p>\n","protected":false},"author":7,"featured_media":0,"parent":0,"menu_order":0,"comment_status":"closed","ping_status":"closed","template":"page-disable-sidebar.php","meta":[],"_links":{"self":[{"href":"https:\/\/www.sophrologue72.fr\/index.php?rest_route=\/wp\/v2\/pages\/3192"}],"collection":[{"href":"https:\/\/www.sophrologue72.fr\/index.php?rest_route=\/wp\/v2\/pages"}],"about":[{"href":"https:\/\/www.sophrologue72.fr\/index.php?rest_route=\/wp\/v2\/types\/page"}],"author":[{"embeddable":true,"href":"https:\/\/www.sophrologue72.fr\/index.php?rest_route=\/wp\/v2\/users\/7"}],"replies":[{"embeddable":true,"href":"https:\/\/www.sophrologue72.fr\/index.php?rest_route=%2Fwp%2Fv2%2Fcomments&post=3192"}],"version-history":[{"count":42,"href":"https:\/\/www.sophrologue72.fr\/index.php?rest_route=\/wp\/v2\/pages\/3192\/revisions"}],"predecessor-version":[{"id":4107,"href":"https:\/\/www.sophrologue72.fr\/index.php?rest_route=\/wp\/v2\/pages\/3192\/revisions\/4107"}],"wp:attachment":[{"href":"https:\/\/www.sophrologue72.fr\/index.php?rest_route=%2Fwp%2Fv2%2Fmedia&parent=3192"}],"curies":[{"name":"wp","href":"https:\/\/api.w.org\/{rel}","templated":true}]}}