{"id":49,"date":"2014-09-17T22:24:08","date_gmt":"2014-09-17T21:24:08","guid":{"rendered":"http:\/\/localhost\/?page_id=49"},"modified":"2025-05-15T10:40:00","modified_gmt":"2025-05-15T09:40:00","slug":"page_id2","status":"publish","type":"page","link":"https:\/\/www.sophrologue72.fr\/","title":{"rendered":"ACCUEIL"},"content":{"rendered":"<h2><img loading=\"lazy\" class=\"aligncenter size-full wp-image-4044\" src=\"https:\/\/www.sophrologue72.fr\/wp-content\/uploads\/2022\/11\/logo_1-scaled.jpg\" alt=\"\" width=\"2560\" height=\"1280\" srcset=\"https:\/\/www.sophrologue72.fr\/wp-content\/uploads\/2022\/11\/logo_1-scaled.jpg 2560w, https:\/\/www.sophrologue72.fr\/wp-content\/uploads\/2022\/11\/logo_1-300x150.jpg 300w, https:\/\/www.sophrologue72.fr\/wp-content\/uploads\/2022\/11\/logo_1-1024x512.jpg 1024w, https:\/\/www.sophrologue72.fr\/wp-content\/uploads\/2022\/11\/logo_1-150x75.jpg 150w, https:\/\/www.sophrologue72.fr\/wp-content\/uploads\/2022\/11\/logo_1-768x384.jpg 768w, https:\/\/www.sophrologue72.fr\/wp-content\/uploads\/2022\/11\/logo_1-1536x768.jpg 1536w, https:\/\/www.sophrologue72.fr\/wp-content\/uploads\/2022\/11\/logo_1-2048x1024.jpg 2048w\" sizes=\"(max-width: 2560px) 100vw, 2560px\" \/><\/h2>\n<h2 style=\"text-align: center;\"><span style=\"color: #800080;\"> <img loading=\"lazy\" class=\"wp-image-3152 aligncenter\" src=\"https:\/\/www.sophrologue72.fr\/wp-content\/uploads\/2021\/01\/Magalie_Duclos_10x15_BD_Logo_1-3.jpg\" alt=\"\" width=\"255\" height=\"379\" \/><\/span><\/h2>\n<h3 dir=\"auto\" style=\"text-align: center;\"><a class=\"oajrlxb2 g5ia77u1 qu0x051f esr5mh6w e9989ue4 r7d6kgcz rq0escxv nhd2j8a9 nc684nl6 p7hjln8o kvgmc6g5 cxmmr5t8 oygrvhab hcukyx3x jb3vyjys rz4wbd8a qt6c0cv9 a8nywdso i1ao9s8h esuyzwwr f1sip0of lzcic4wl py34i1dx gpro0wi8\" tabindex=\"0\" role=\"link\" href=\"https:\/\/l.facebook.com\/l.php?u=http%3A%2F%2FWww.sophrologue72.fr%2F%3Ffbclid%3DIwAR0zjzZ3z_sNkEEgB9V_DJNta4VwGWUjsEnbSQaC8dC0PKwA0EMxKHUlabs&amp;h=AT1goIgp3zVX15-GaPD11GZASwy5cv5cNGM88R6LjRDrSNfohgbX56OeJVqnm4m0zl_jM5e-wfxXUrU9qmq6itdLMi8YOn5j2GTGepNWd2v5uSpsfR4Ct8cZnEHcJW_WMQOS&amp;__tn__=-UK-R&amp;c[0]=AT11WVmlOBzkX85J1ii3M2UK82QGku-BXKHoEaZbgjRGbS-SPuuMx9Pz0uL_IVzu5jjJt8zWa4fWgfNfpU2RDpippa3odshloMuCyeOybT1VpSVkuVafyiF8D9Kmy0notUVqrXdZzpPfVhjsPuRRXWk3aJB53xxzupaAEg\" target=\"_blank\" rel=\"nofollow noopener noreferrer\">www.sophrologue72.fr<\/a><\/h3>\n<h1 style=\"text-align: center;\"><span style=\"text-decoration: underline;\">PRISE DE RENDEZ-VOUS EN LIGNE <\/span>:<\/h1>\n<h1 style=\"text-align: center;\"><span style=\"color: #ff0000;\"><strong><a style=\"color: #ff0000;\" href=\"https:\/\/www.resalib.fr\/praticien\/23219-magalie-duclos-sophrologue-mayet#newrdvmodal\"><span style=\"color: #339966;\">R\u00e9saLib<\/span><\/a><\/strong><\/span><\/h1>\n<p>\u00a0<\/p>\n<hr \/>\n<h2 dir=\"auto\" style=\"text-align: center;\">Page Facebook : <a class=\"&quot;oajrlxb2\" tabindex=\"&quot;0&quot;\" role=\"&quot;link&quot;\" href=\"\/\/l.facebook.com\/l.php?u=http%3A%2F%2FWww.sophrologue72.fr%2F%3Ffbclid%3DIwAR0zjzZ3z_sNkEEgB9V_DJNta4VwGWUjsEnbSQaC8dC0PKwA0EMxKHUlabs&amp;amp;h=AT1goIgp3zVX15-GaPD11GZASwy5cv5cNGM88R6LjRDrSNfohgbX56OeJVqnm4m0zl_jM5e-wfxXUrU9qmq6itdLMi8YOn5j2GTGepNWd2v5uSpsfR4Ct8cZnEHcJW_WMQOS&amp;amp;__tn__=-UK-R&amp;amp;c[0]=AT11WVmlOBzkX85J1ii3M2UK82QGku-BXKHoEaZbgjRGbS-SPuuMx9Pz0uL_IVzu5jjJt8zWa4fWgfNfpU2RDpippa3odshloMuCyeOybT1VpSVkuVafyiF8D9Kmy0notUVqrXdZzpPfVhjsPuRRXWk3aJB53xxzupaAEg&quot;\" target=\"&quot;_blank&quot;\" rel=\"&quot;nofollow noopener\">www.sophrologue72.fr<\/a><\/h2>\n<hr \/>\n<h1 style=\"text-align: center;\">s\u00e9ances individuelles :<\/h1>\n<h3 style=\"text-align: center;\"><strong>1 All\u00e9e du Moulin de la Pelouse<\/strong><\/h3>\n<h3 style=\"text-align: center;\">72360 Mayet<\/h3>\n<hr \/>\n<h3 style=\"text-align: center;\"><strong><span style=\"color: #000000;\">S\u00e9ances collectives :<\/span> <\/strong><\/h3>\n<h5 style=\"text-align: center;\"><strong>13 rue d&#8217;Or\u00e9e 72800 Le Lude<\/strong><\/h5>\n<p>\u00a0<\/p>\n<div class=\"&quot;o9v6fnle\"><hr \/>\n<h1 dir=\"&quot;auto&quot;\" style=\"text-align: center;\"><strong>07 82 35 24 72<\/strong><\/h1>\n<h3 dir=\"&quot;auto&quot;\" style=\"text-align: center;\">magalie.duclos72@gmail.com<\/h3>\n<h2 style=\"text-align: center;\">www.sophrologue72.fr<\/h2>\n<p>\u00a0<\/p>\n<\/div>\n<hr \/>\n<h2 style=\"text-align: center;\"><strong>Lieux des s\u00e9ances : <\/strong><\/h2>\n<h3 style=\"text-align: center;\"><strong>\u00a0 <\/strong><strong>Mayet : 72360<\/strong><\/h3>\n<div class=\"&quot;&quot;\" dir=\"&quot;auto&quot;\">\n<div id=\"&quot;jsc_c_5a7&quot;\" class=\"&quot;ecm0bbzt\" data-ad-comet-preview=\"&quot;message&quot;\" data-ad-preview=\"&quot;message&quot;\">\n<div class=\"&quot;j83agx80\">\n<div class=\"&quot;qzhwtbm6\">\n<div class=\"&quot;kvgmc6g5\">\n<h3 dir=\"&quot;auto&quot;\" style=\"text-align: center;\"><strong>Et S\u00e9ances en visio &#8211; zoom<br \/><\/strong><\/h3>\n<div dir=\"&quot;auto&quot;\"><hr \/><\/div>\n<\/div>\n<\/div>\n<\/div>\n<\/div>\n<\/div>\n<h2 style=\"text-align: center;\"><strong>Sophrologue<\/strong><\/h2>\n<h4 style=\"text-align: center;\">Sophrologie Inspiration Cayc\u00e9dienne<\/h4>\n<h2 style=\"text-align: center;\"><strong>Praticienne Hypnose<\/strong><\/h2>\n<h4 style=\"text-align: center;\">Hypnose Ericksonienne,<\/h4>\n<h4 style=\"text-align: center;\">Hypnose SAJECE<em><br \/><\/em><\/h4>\n<p><!--more--><\/p>\n<h4 class=\"&quot;p1&quot;\"><strong><span class=\"&quot;s1&quot;\">Les <a href=\"https:\/\/www.resalib.fr\/page\/sophrologie\">s\u00e9ances de Sophrologie<\/a> et d&#8217; Hypnose ne se substituent pas \u00e0 un avis m\u00e9dical. <\/span><\/strong><\/h4>\n<h4 class=\"&quot;p1&quot;\"><strong><span class=\"&quot;s1&quot;\"><i>Seuls les M\u00e9decins sont habilit\u00e9s \u00e0 poser un diagnostic et prescrire un traitement<\/i>.<\/span><\/strong><\/h4>\n<h5>\u00a0<\/h5>\n<hr \/>\n<p><strong>RESERVATIONS DES SEANCES EN LIGNE &#8211; VISIOCONFERENCE<br \/><\/strong><\/p>\n<ul>\n<li>S\u00e9ances individuelles de sophrologie et d&#8217;hypnose <strong>A DISTANCE<\/strong><\/li>\n<li>(Visio-conf\u00e9rences, Zoom, WhatsApp, Messenger, t\u00e9l\u00e9phone, &#8230;) &#8211;<\/li>\n<li>Les s\u00e9ances sont aussi efficaces qu&#8217; au bureau.<strong><br \/><\/strong><\/li>\n<\/ul>\n<p><strong> Vous pouvez me contacter :\u00a0 <\/strong>magalie.duclos72@gmail.com \/ www.sophrologue72.fr \/ T\u00e9l\u00e9phone 07 82 35 24 72<\/p>\n<p>Les s\u00e9ances se d\u00e9roulent comme au cabinet. Vous pouvez pr\u00e9voir une pi\u00e8ce calme et un fauteuil\u00a0 confortable.<\/p>\n<ul>\n<li><strong>Le paiement de la s\u00e9ance (60\u20ac) <br \/><\/strong><\/li>\n<li>S&#8217;effectue via <strong>L&#8217;onglet sur la droite de l&#8217;\u00e9cran<\/strong>\u00a0 <strong>&#8220;r\u00e9servez en ligne&#8221;.<\/strong><\/li>\n<\/ul>\n<div align=\"&quot;center&quot;\"><hr \/>\n<h3><big><small><big>07 82 35 24 72 \/ 06 17 22 18 15<\/big><\/small><\/big><\/h3>\n<h4><a href=\"\/\/e-aj.my.com\/compose\/?mailto=mailto%3amagalie.duclos72@gmail.com&quot;\" target=\"&quot;_blank&quot;\" rel=\"&quot;noopener noopener\">magalie.duclos72@gmail.com<\/a><br \/><span style=\"color: #000000;\"><a style=\"color: #000000;\" href=\"\/\/www.sophrologue72\/&quot;\" target=\"&quot;_blank&quot;\" rel=\"&quot;noopener noopener\">www.sophrologue72<\/a>.fr<\/span><\/h4>\n<\/div>\n<h5><strong>Notez que mon agenda est complet 2 semaines \u00e0 l&#8217;avance, parfois plus.<br \/><\/strong><\/h5>\n<hr \/>\n<div align=\"&quot;center&quot;\">\n<h6>\u00a0<\/h6>\n<\/div>\n<h2><strong>Du Lundi au Samedi de 9h00 \u00e0 20H30<\/strong><\/h2>\n<h2><strong>T\u00e9l : 07 82 35 24 72 \/ 06 17 22 18 15<\/strong><\/h2>\n<hr \/>\n<h2><strong>Sophrologie<br \/><\/strong><\/h2>\n<h2><strong> Hypnose Ericksonienne &#8211; Hypnose SAJECE<br \/><\/strong><\/h2>\n<ul>\n<li style=\"list-style-type: none;\">\n<ul>\n<li>\n<h4><em>Apprendre \u00e0 g\u00e9rer son stress, les \u00e9motions, renforcer la qualit\u00e9 du sommeil, sevrage tabagique, programme minceur, faire grandir la confiance en soi, d\u00e9velopper son potentiel et ses propres ressources qui existent en chacun de nous&#8230;<\/em><\/h4>\n<\/li>\n<\/ul>\n<\/li>\n<\/ul>\n<ul>\n<li>\u00a0<\/li>\n<\/ul>\n<h4><strong>\u00a0La sophrologie <\/strong>bas\u00e9e sur la relaxation dynamique est une v\u00e9ritable invitation au mieux-\u00eatre auquel nous aspirons toutes et tous !<\/h4>\n<h4><strong>\u00a0L&#8217;hypnose\u00a0<\/strong> est une m\u00e9thode naturelle, rapide et efficace pour chercher en nous toutes les ressources.<\/h4>\n<p class=\"&quot;p1&quot;\">\u00a0<\/p>\n<div align=\"&quot;center&quot;\"><img loading=\"lazy\" class=\"&quot;\" src=\"&quot;https:\/\/www.sophrologue72.fr\/wp-content\/uploads\/2022\/01\/cropped-Logo1-1.jpg&quot;\" alt=\"&quot;&quot;\" width=\"&quot;334&quot;\" height=\"&quot;295&quot;\" \/><\/div>\n<div class=\"o9v6fnle cxmmr5t8 oygrvhab hcukyx3x c1et5uql ii04i59q\"><hr \/><hr \/>\n<h4 class=\"&quot;p1&quot;\"><strong><span class=\"&quot;s1&quot;\">Les s\u00e9ances de Sophrologie et d&#8217; Hypnose ne se substituent pas \u00e0 un avis m\u00e9dical. <\/span><\/strong><\/h4>\n<h4 class=\"&quot;p1&quot;\"><strong><span class=\"&quot;s1&quot;\"><i>Seuls les M\u00e9decins sont habilit\u00e9s \u00e0 poser un diagnostic et prescrire un traitement<\/i>.<\/span><\/strong><\/h4>\n<p>\u00a0<\/p>\n<\/div>\n<p><!--more--><span style=\"color: #000000;\"><a style=\"color: #000000;\" href=\"https:\/\/www.sophrologue72.fr\/wp-content\/uploads\/2021\/01\/FB_IMG_1528642030792.jpg\"><img loading=\"lazy\" class=\"wp-image-3362 aligncenter\" src=\"https:\/\/www.sophrologue72.fr\/wp-content\/uploads\/2021\/01\/FB_IMG_1528642030792-181x300.jpg\" alt=\"\" width=\"179\" height=\"290\" \/><\/a><\/span><\/p>\n<hr \/><hr \/>\n<h4 class=\"p1\" style=\"text-align: center;\"><strong><span style=\"color: #000000;\"><span class=\"s1\">Les s\u00e9ances de Sophrologie et d&#8217; Hypnose ne se substituent pas \u00e0 un avis m\u00e9dical. <\/span><\/span><\/strong><\/h4>\n<h4 class=\"p1\" style=\"text-align: center;\"><strong><span style=\"color: #000000;\"><span class=\"s1\"><i>Seuls les M\u00e9decins sont habilit\u00e9s \u00e0 poser un diagnostic et prescrire un traitement<\/i>.<\/span><\/span><\/strong><\/h4>\n<p>\u00a0<\/p>\n<p><img loading=\"lazy\" class=\"aligncenter  wp-image-3574\" src=\"https:\/\/www.sophrologue72.fr\/wp-content\/uploads\/2021\/11\/1.jpg-Magalie-DUCLOS-.jpg\" alt=\"\" width=\"375\" height=\"527\" \/> <img loading=\"lazy\" class=\"aligncenter  wp-image-3575\" src=\"https:\/\/www.sophrologue72.fr\/wp-content\/uploads\/2021\/11\/2.jpg-MAG-DUCLOS.jpg\" alt=\"\" width=\"359\" height=\"502\" \/><\/p>\n<hr \/><hr \/>\n<h4 style=\"text-align: center;\">\u00a0<\/h4>\n<hr \/>\n<h5 style=\"text-align: center;\"><a href=\"https:\/\/www.sophrologue72.fr\/wp-content\/uploads\/2021\/01\/FB_IMG_1546434855694.jpg\"><img loading=\"lazy\" class=\"alignnone size-medium wp-image-3353\" src=\"https:\/\/www.sophrologue72.fr\/wp-content\/uploads\/2021\/01\/FB_IMG_1546434855694-300x300.jpg\" alt=\"\" width=\"300\" height=\"300\" srcset=\"https:\/\/www.sophrologue72.fr\/wp-content\/uploads\/2021\/01\/FB_IMG_1546434855694-300x300.jpg 300w, https:\/\/www.sophrologue72.fr\/wp-content\/uploads\/2021\/01\/FB_IMG_1546434855694-150x150.jpg 150w, https:\/\/www.sophrologue72.fr\/wp-content\/uploads\/2021\/01\/FB_IMG_1546434855694.jpg 720w\" sizes=\"(max-width: 300px) 100vw, 300px\" \/><\/a><\/h5>\n<p><!--more--><\/p>\n<hr \/><hr \/>\n<blockquote>\n<h3 style=\"text-align: left;\"><span style=\"color: #ff0000;\"><strong><span style=\"color: #333300;\"><span style=\"text-decoration: underline;\">S\u00e9ances individuelles<\/span> <br \/><\/span><\/strong><\/span><\/h3>\n<h5 style=\"text-align: left;\"><span style=\"color: #ff0000;\"><strong><span style=\"color: #333300;\"> Je m&#8217;engage \u00e0 assurer une <span style=\"color: #ff0000;\">s\u00e9curit\u00e9 sanitaire optimale<\/span> pour que les s\u00e9ances se d\u00e9roulent dans les meilleures conditions, face au <span style=\"color: #ff0000;\">Covid-19.<\/span><\/span><\/strong><\/span><\/h5>\n<p>\u00a0<\/p>\n<h5 style=\"text-align: left;\"><em><span style=\"color: #ff0000;\"><strong><span style=\"text-decoration: underline;\">Voici\u00a0 les mesures<\/span> : <\/strong><\/span><\/em><\/h5>\n<ul>\n<li>\n<h5><em>Port du masque NON OBLIGATOIRE \u00e0 partir du 14 mars 2022<\/em><\/h5>\n<\/li>\n<li>\n<h5><em>Distance minimum d&#8217;1,50 m\u00e8tre entre le client et moi,<\/em><\/h5>\n<\/li>\n<li>\n<h5><em>Un seul client \u00e0 la fois (sauf accompagnant),<\/em><\/h5>\n<\/li>\n<li>\n<h5><em>Un espacement entre les rendez-vous,<\/em><\/h5>\n<\/li>\n<li>\n<h5><em>D\u00e9sinfection entre chaque s\u00e9ance de toutes les surfaces (bureau, fauteuil, chaises, poign\u00e9es de portes&#8230;) et a\u00e9ration de la pi\u00e8ce.<\/em><\/h5>\n<\/li>\n<li>\n<h5><em>Votre propre plaid, coussins&#8230; pour les s\u00e9ances d&#8217;hypnose,<\/em><\/h5>\n<\/li>\n<li>\n<h5><em>Le paiement des prestations se fera par ch\u00e8que pr\u00e9par\u00e9 \u00e0 l&#8217;avance,\u00a0 ou esp\u00e8ces en pensant \u00e0 faire l&#8217;appoint, ou carte bleue (TPE d\u00e9sinfect\u00e9 \u00e0 chaque s\u00e9ance).<\/em><\/h5>\n<\/li>\n<li>\n<h5><em><strong>Merci d&#8217;avance de votre compr\u00e9hension. <\/strong><\/em><\/h5>\n<\/li>\n<li>\n<h5><em><strong>PRENONS SOIN DE NOTRE SANTE ET CELLE DES AUTRES.<\/strong><\/em><\/h5>\n<\/li>\n<\/ul>\n<\/blockquote>\n<hr \/>\n<p><span style=\"color: #0000ff;\"><strong><span style=\"text-decoration: underline;\"><span style=\"color: #ff0000; text-decoration: underline;\">RESERVATIONS DES SEANCES EN LIGNE &#8211; VISIOCONFERENCE<\/span><\/span><br \/><\/strong><\/span><\/p>\n<ul>\n<li>S\u00e9ances individuelles de sophrologie et d&#8217;hypnose <strong>A DISTANCE<\/strong><\/li>\n<li>(Visio-conf\u00e9rences, Zoom, WhatsApp, Messenger, t\u00e9l\u00e9phone, &#8230;) &#8211;<\/li>\n<li>Les s\u00e9ances sont aussi efficaces qu&#8217; au bureau.<strong><br \/><\/strong><\/li>\n<\/ul>\n<p style=\"text-align: left;\"><span style=\"color: #0000ff;\"><span style=\"color: #000000;\"><strong><span style=\"text-decoration: underline;\"> Vous pouvez me contacter<\/span> :\u00a0 <\/strong><\/span><\/span><span style=\"color: #0000ff;\"><span style=\"color: #000000;\"><span style=\"text-decoration: underline;\">magalie.duclos72@gmail.com<\/span> \/ www.sophrologue72.fr \/ T\u00e9l\u00e9phone 07 82 35 24 72<br \/><\/span><\/span><\/p>\n<p style=\"text-align: left;\">Les s\u00e9ances se d\u00e9roulent comme au cabinet. Vous pouvez pr\u00e9voir une pi\u00e8ce calme et un fauteuil\u00a0 confortable.<\/p>\n<ul>\n<li style=\"text-align: left;\"><span style=\"color: #000000;\"><strong><span style=\"color: #ff0000;\"><span style=\"color: #800080;\">Le paiement de la s\u00e9ance (60\u20ac) ou (50\u20ac pour scolaires, \u00e9tudiants, demandeurs d&#8217;emploi)<\/span>.<\/span><\/strong><\/span><\/li>\n<li style=\"text-align: left;\"><span style=\"color: #000000;\">S&#8217;effectue via <\/span><span style=\"color: #000000;\"><strong><span style=\"color: #ff0000;\">L&#8217;onglet sur la droite de l&#8217;\u00e9cran<\/span><\/strong>\u00a0 <strong><span style=\"color: #ff0000;\">&#8220;r\u00e9servez en ligne&#8221;.<\/span><\/strong><\/span><\/li>\n<\/ul>\n<p><a href=\"https:\/\/www.sophrologue72.fr\/wp-content\/uploads\/2021\/01\/FB_IMG_1526532582510.jpg\"><img loading=\"lazy\" class=\"size-medium wp-image-3354 aligncenter\" src=\"https:\/\/www.sophrologue72.fr\/wp-content\/uploads\/2021\/01\/FB_IMG_1526532582510-300x300.jpg\" alt=\"\" width=\"300\" height=\"300\" srcset=\"https:\/\/www.sophrologue72.fr\/wp-content\/uploads\/2021\/01\/FB_IMG_1526532582510-300x300.jpg 300w, https:\/\/www.sophrologue72.fr\/wp-content\/uploads\/2021\/01\/FB_IMG_1526532582510-150x150.jpg 150w, https:\/\/www.sophrologue72.fr\/wp-content\/uploads\/2021\/01\/FB_IMG_1526532582510.jpg 346w\" sizes=\"(max-width: 300px) 100vw, 300px\" \/><\/a><\/p>\n<div align=\"center\"><hr \/>\n<h3><span style=\"color: #333333;\"><big><span style=\"font-family: Times New Roman,Times,serif;\"><small><big>07 82 35 24 72<\/big><\/small><\/span><\/big><\/span><\/h3>\n<h4><span style=\"color: #333333;\"><a style=\"color: #333333;\" href=\"https:\/\/e-aj.my.com\/compose\/?mailto=mailto%3amagalie.duclos72@gmail.com\" target=\"_blank\" rel=\"noopener noreferrer\">magalie.duclos72@gmail.com<\/a><\/span><br \/><span style=\"color: #333333;\"> <a style=\"color: #333333;\" href=\"http:\/\/www.sophrologue72\/\" target=\"_blank\" rel=\"noopener noreferrer\">www.sophrologue72<\/a>.fr<\/span><\/h4>\n<p>\u00a0<\/p>\n<\/div>\n<h5 style=\"text-align: center;\"><span style=\"color: #333333;\"><strong>\u00a0Notez que mon agenda est complet 2 semaines \u00e0 l&#8217;avance, parfois plus.<br \/><\/strong><\/span><\/h5>\n<hr \/>\n<div style=\"text-align: center;\" align=\"center\">\n<h6>\u00a0<\/h6>\n<h3><a href=\"https:\/\/www.sophrologue72.fr\/wp-content\/uploads\/2021\/01\/FB_IMG_1523049773652.jpg\"><img loading=\"lazy\" class=\"alignnone size-medium wp-image-3319\" src=\"https:\/\/www.sophrologue72.fr\/wp-content\/uploads\/2021\/01\/FB_IMG_1523049773652-241x300.jpg\" alt=\"\" width=\"241\" height=\"300\" srcset=\"https:\/\/www.sophrologue72.fr\/wp-content\/uploads\/2021\/01\/FB_IMG_1523049773652-241x300.jpg 241w, https:\/\/www.sophrologue72.fr\/wp-content\/uploads\/2021\/01\/FB_IMG_1523049773652.jpg 720w\" sizes=\"(max-width: 241px) 100vw, 241px\" \/><\/a><\/h3>\n<hr \/><\/div>\n<div style=\"text-align: center;\" align=\"center\">\n<h4><span style=\"color: #333333;\">Je vous accueille sur rendez-vous pour des <span style=\"color: #800000;\"><strong>s\u00e9ances collectives (En attente d&#8217;autorisation) et s\u00e9ances individuelles personnalis\u00e9es<\/strong>, en sophrologie et <strong>hypnose.<\/strong><\/span><\/span><\/h4>\n<p>\u00a0<\/p>\n<\/div>\n<h2 style=\"text-align: center;\"><strong>Du Lundi au Samedi de 9h00 \u00e0 19h <\/strong><\/h2>\n<h2 style=\"text-align: center;\"><strong>T\u00e9l : 07 82 35 24 72<\/strong><\/h2>\n<hr \/>\n<h2 style=\"text-align: center;\"><span style=\"color: #800000;\"><strong>Sophrologie<br \/><\/strong><\/span><\/h2>\n<h2 style=\"text-align: center;\"><span style=\"color: #993300;\"><strong><span style=\"color: #800000;\"> Hypnose Ericksonienne &#8211; Hypnose SAJECE<\/span><br \/><\/strong><\/span><\/h2>\n<ul>\n<li style=\"list-style-type: none;\">\n<ul>\n<li style=\"text-align: left;\">\n<h4><em><span style=\"color: #003300;\">Apprendre \u00e0 g\u00e9rer son stress, les \u00e9motions, renforcer la qualit\u00e9 du sommeil, <\/span>sevrage tabagique, programme minceur, faire grandir la confiance en soi, d\u00e9velopper son potentiel et ses propres ressources qui existent en chacun de nous&#8230;<\/em><\/h4>\n<\/li>\n<\/ul>\n<\/li>\n<\/ul>\n<ul>\n<li style=\"list-style-type: none;\">\u00a0<\/li>\n<\/ul>\n<h4 style=\"text-align: center;\"><span style=\"color: #000000;\"><span style=\"color: #800000;\"><strong>\u00a0<span style=\"text-decoration: underline;\">La sophrologie <\/span><\/strong><\/span>bas\u00e9e sur la relaxation dynamique est une v\u00e9ritable invitation au mieux-\u00eatre auquel nous aspirons toutes et tous !<\/span><\/h4>\n<h4 style=\"text-align: center;\"><span style=\"color: #000000;\"><strong><span style=\"color: #800000;\">\u00a0<\/span><span style=\"text-decoration: underline; color: #993300;\"><span style=\"color: #800000; text-decoration: underline;\">L&#8217;hypnose<\/span>\u00a0<\/span><\/strong> est une m\u00e9thode naturelle, rapide et efficace pour chercher en nous toutes les ressources.<br \/><\/span><\/h4>\n<p class=\"p1\">\u00a0<\/p>\n<div align=\"center\"><img loading=\"lazy\" class=\" wp-image-3745 alignnone\" src=\"https:\/\/www.sophrologue72.fr\/wp-content\/uploads\/2022\/01\/cropped-Logo1-1.jpg\" alt=\"\" width=\"334\" height=\"295\" srcset=\"https:\/\/www.sophrologue72.fr\/wp-content\/uploads\/2022\/01\/cropped-Logo1-1.jpg 1098w, https:\/\/www.sophrologue72.fr\/wp-content\/uploads\/2022\/01\/cropped-Logo1-1-300x265.jpg 300w, https:\/\/www.sophrologue72.fr\/wp-content\/uploads\/2022\/01\/cropped-Logo1-1-1024x904.jpg 1024w, https:\/\/www.sophrologue72.fr\/wp-content\/uploads\/2022\/01\/cropped-Logo1-1-150x132.jpg 150w, https:\/\/www.sophrologue72.fr\/wp-content\/uploads\/2022\/01\/cropped-Logo1-1-768x678.jpg 768w\" sizes=\"(max-width: 334px) 100vw, 334px\" \/><\/div>\n<div>\u00a0<\/div>\n\n\n<p><\/p>\n\n\n\n<div class=\"wp-block-image\"><figure class=\"aligncenter size-large is-resized\"><a href=\"https:\/\/www.sophrologue72.fr\/wp-content\/uploads\/2021\/01\/FB_IMG_1536527612960.jpg\"><img loading=\"lazy\" src=\"https:\/\/www.sophrologue72.fr\/wp-content\/uploads\/2021\/01\/FB_IMG_1536527612960.jpg\" alt=\"\" class=\"wp-image-3364\" width=\"254\" height=\"254\" srcset=\"https:\/\/www.sophrologue72.fr\/wp-content\/uploads\/2021\/01\/FB_IMG_1536527612960.jpg 450w, https:\/\/www.sophrologue72.fr\/wp-content\/uploads\/2021\/01\/FB_IMG_1536527612960-300x300.jpg 300w, https:\/\/www.sophrologue72.fr\/wp-content\/uploads\/2021\/01\/FB_IMG_1536527612960-150x150.jpg 150w\" sizes=\"(max-width: 254px) 100vw, 254px\" \/><\/a><\/figure><\/div>\n\n\n\n<div id=\"https:\/\/www.crenolib.fr\/prendre-rdv\/28425_magalie-duclos-sophrologue-72\" class=\"wp-block-buttons\">\n<div class=\"wp-block-button\"><a class=\"wp-block-button__link\"><\/a><\/div>\n<\/div>\n\n\n\n<p><\/p>\n\n\n\n<p><\/p>\n","protected":false},"excerpt":{"rendered":"<p>www.sophrologue72.fr PRISE DE RENDEZ-VOUS EN LIGNE : R\u00e9saLib \u00a0 Page Facebook : www.sophrologue72.fr s\u00e9ances individuelles : 1 All\u00e9e du Moulin de la Pelouse 72360 Mayet S\u00e9ances collectives : 13 rue d&#8217;Or\u00e9e 72800 Le Lude \u00a0 07 82 35 24 72 <a class=\"more-link\" href=\"https:\/\/www.sophrologue72.fr\/\">Continuer la lecture <span class=\"screen-reader-text\">  ACCUEIL<\/span><span class=\"meta-nav\">&rarr;<\/span><\/a><\/p>\n","protected":false},"author":2,"featured_media":0,"parent":0,"menu_order":0,"comment_status":"closed","ping_status":"closed","template":"page-fullwidth.php","meta":[],"_links":{"self":[{"href":"https:\/\/www.sophrologue72.fr\/index.php?rest_route=\/wp\/v2\/pages\/49"}],"collection":[{"href":"https:\/\/www.sophrologue72.fr\/index.php?rest_route=\/wp\/v2\/pages"}],"about":[{"href":"https:\/\/www.sophrologue72.fr\/index.php?rest_route=\/wp\/v2\/types\/page"}],"author":[{"embeddable":true,"href":"https:\/\/www.sophrologue72.fr\/index.php?rest_route=\/wp\/v2\/users\/2"}],"replies":[{"embeddable":true,"href":"https:\/\/www.sophrologue72.fr\/index.php?rest_route=%2Fwp%2Fv2%2Fcomments&post=49"}],"version-history":[{"count":159,"href":"https:\/\/www.sophrologue72.fr\/index.php?rest_route=\/wp\/v2\/pages\/49\/revisions"}],"predecessor-version":[{"id":4174,"href":"https:\/\/www.sophrologue72.fr\/index.php?rest_route=\/wp\/v2\/pages\/49\/revisions\/4174"}],"wp:attachment":[{"href":"https:\/\/www.sophrologue72.fr\/index.php?rest_route=%2Fwp%2Fv2%2Fmedia&parent=49"}],"curies":[{"name":"wp","href":"https:\/\/api.w.org\/{rel}","templated":true}]}}