{"id":62,"date":"2014-09-17T22:46:31","date_gmt":"2014-09-17T21:46:31","guid":{"rendered":"http:\/\/localhost\/?page_id=62"},"modified":"2023-09-28T14:56:23","modified_gmt":"2023-09-28T13:56:23","slug":"62-2","status":"publish","type":"page","link":"https:\/\/www.sophrologue72.fr\/?page_id=62","title":{"rendered":"SEANCES"},"content":{"rendered":"<h1>&nbsp;<\/h1>\n<p><img loading=\"lazy\" class=\"aligncenter  wp-image-3473\" src=\"https:\/\/www.sophrologue72.fr\/wp-content\/uploads\/2021\/05\/Logo-Mme-Magalie-DUCLOS-1.png\" alt=\"\" width=\"373\" height=\"118\"\/><\/p>\n<blockquote>\n<h1><a href=\"https:\/\/www.sophrologue72.fr\/wp-content\/uploads\/2021\/01\/MAG-scaled.jpg\"><img loading=\"lazy\" class=\"size-medium wp-image-3322 aligncenter\" src=\"https:\/\/www.sophrologue72.fr\/wp-content\/uploads\/2021\/01\/MAG-300x225.jpg\" alt=\"\" width=\"300\" height=\"225\" srcset=\"https:\/\/www.sophrologue72.fr\/wp-content\/uploads\/2021\/01\/MAG-300x225.jpg 300w, https:\/\/www.sophrologue72.fr\/wp-content\/uploads\/2021\/01\/MAG-1024x768.jpg 1024w, https:\/\/www.sophrologue72.fr\/wp-content\/uploads\/2021\/01\/MAG-768x576.jpg 768w, https:\/\/www.sophrologue72.fr\/wp-content\/uploads\/2021\/01\/MAG-1536x1152.jpg 1536w, https:\/\/www.sophrologue72.fr\/wp-content\/uploads\/2021\/01\/MAG-2048x1536.jpg 2048w\" sizes=\"(max-width: 300px) 100vw, 300px\" \/><\/a><\/h1>\n<h1 style=\"text-align: center;\"><span style=\"color: #610808;\"><strong>&#8220;DU SUR-MESURE POUR UN OBJECTIF PR\u00c9CIS&#8221;<\/strong><\/span><\/h1>\n<h1 style=\"text-align: center;\"><span style=\"color: #333300;\">Sophrologie<\/span><\/h1>\n<h1 style=\"text-align: center;\"><span style=\"color: #333300;\">Hypnose Ericksonienne, Hypnose Sajece<br \/><\/span><\/h1>\n<p><\/p>\n<\/blockquote>\n<blockquote>\n<h1 style=\"text-align: center;\">&nbsp;<\/h1>\n<\/blockquote>\n<p><!--more--><\/p>\n<p><!--more--><\/p>\n<h3 style=\"text-align: center;\"><span style=\"color: #003300;\"><span style=\"color: #008000;\"><strong> \u2022<em><span style=\"color: #014d01;\"> Les s\u00e9ances individuelles au cabinet&nbsp; du Lude ou Teloch\u00e9<br \/><\/span><\/em><\/strong><\/span><\/span><\/h3>\n<h3 style=\"text-align: center;\"><span style=\"color: #003300;\"><span style=\"color: #008000;\"><strong><em><span style=\"color: #014d01;\">Sophrologie, hypnose <\/span><\/em><\/strong><\/span><br \/><\/span><\/h3>\n<p><span style=\"color: #003300;\">Un <\/span><span style=\"color: #003300;\">accompagnement personnalis\u00e9 par un protocole de travail<\/span><span style=\"color: #003300;\"> adapt\u00e9 \u00e0 vos besoins. A la suite de chaque s\u00e9ance, vous pourrez r<\/span><span style=\"color: #003300;\">epartir avec des cl\u00e9s pour vous entrainer en autonomie.<\/span><\/p>\n<h3 style=\"text-align: center;\"><span style=\"color: #008000;\"><span style=\"color: #014d01;\">\u2022<\/span> <\/span><em><span style=\"color: #014d01;\"><strong>Les s\u00e9ances de <\/strong><\/span><\/em><span style=\"color: #003300;\"><em><span style=\"color: #014d01;\"><strong>sophrologie et hypnose en groupe au cabinet&nbsp; au Lude ou \u00e0 Teloch\u00e9 :&nbsp;<\/strong><\/span><\/em> <\/span><\/h3>\n<p style=\"text-align: left;\"><span style=\"color: #003300;\">Les s\u00e9ances de groupe peuvent s\u2019effectuer jusqu\u2019\u00e0 10 personnes.<br \/><\/span><\/p>\n<p style=\"text-align: left;\"><span style=\"color: #003300;\">&#8211; Le Lude \/ (Cf. jours-horaires et&nbsp; programme des s\u00e9ances ci dessous) : <br \/><\/span><\/p>\n<p><\/p>\n<hr \/>\n<h1 style=\"text-align: center;\"><span style=\"color: #ff0000;\">S\u00e9ances collectives SOPHROLOGIE ET HYPNOSE&nbsp;<\/span><\/h1>\n<p><\/p>\n<p><img loading=\"lazy\" class=\"aligncenter size-full wp-image-4123\" src=\"https:\/\/www.sophrologue72.fr\/wp-content\/uploads\/2023\/09\/Hypnose-groupe-22-10-2023-1.jpg\" alt=\"\" width=\"1414\" height=\"2000\" srcset=\"https:\/\/www.sophrologue72.fr\/wp-content\/uploads\/2023\/09\/Hypnose-groupe-22-10-2023-1.jpg 1414w, https:\/\/www.sophrologue72.fr\/wp-content\/uploads\/2023\/09\/Hypnose-groupe-22-10-2023-1-212x300.jpg 212w, https:\/\/www.sophrologue72.fr\/wp-content\/uploads\/2023\/09\/Hypnose-groupe-22-10-2023-1-724x1024.jpg 724w, https:\/\/www.sophrologue72.fr\/wp-content\/uploads\/2023\/09\/Hypnose-groupe-22-10-2023-1-106x150.jpg 106w, https:\/\/www.sophrologue72.fr\/wp-content\/uploads\/2023\/09\/Hypnose-groupe-22-10-2023-1-768x1086.jpg 768w, https:\/\/www.sophrologue72.fr\/wp-content\/uploads\/2023\/09\/Hypnose-groupe-22-10-2023-1-1086x1536.jpg 1086w\" sizes=\"(max-width: 1414px) 100vw, 1414px\" \/><img loading=\"lazy\" class=\"aligncenter size-full wp-image-4121\" src=\"https:\/\/www.sophrologue72.fr\/wp-content\/uploads\/2023\/09\/Atelier-procratination-oct-2023-.jpg\" alt=\"\" width=\"1414\" height=\"2000\" srcset=\"https:\/\/www.sophrologue72.fr\/wp-content\/uploads\/2023\/09\/Atelier-procratination-oct-2023-.jpg 1414w, https:\/\/www.sophrologue72.fr\/wp-content\/uploads\/2023\/09\/Atelier-procratination-oct-2023--212x300.jpg 212w, https:\/\/www.sophrologue72.fr\/wp-content\/uploads\/2023\/09\/Atelier-procratination-oct-2023--724x1024.jpg 724w, https:\/\/www.sophrologue72.fr\/wp-content\/uploads\/2023\/09\/Atelier-procratination-oct-2023--106x150.jpg 106w, https:\/\/www.sophrologue72.fr\/wp-content\/uploads\/2023\/09\/Atelier-procratination-oct-2023--768x1086.jpg 768w, https:\/\/www.sophrologue72.fr\/wp-content\/uploads\/2023\/09\/Atelier-procratination-oct-2023--1086x1536.jpg 1086w\" sizes=\"(max-width: 1414px) 100vw, 1414px\" \/><!--more--><img loading=\"lazy\" class=\"aligncenter size-full wp-image-4120\" src=\"https:\/\/www.sophrologue72.fr\/wp-content\/uploads\/2023\/09\/Sophrologie-le-Lude-Oct-a-dec-2023.jpg\" alt=\"\" width=\"1414\" height=\"2000\" srcset=\"https:\/\/www.sophrologue72.fr\/wp-content\/uploads\/2023\/09\/Sophrologie-le-Lude-Oct-a-dec-2023.jpg 1414w, https:\/\/www.sophrologue72.fr\/wp-content\/uploads\/2023\/09\/Sophrologie-le-Lude-Oct-a-dec-2023-212x300.jpg 212w, https:\/\/www.sophrologue72.fr\/wp-content\/uploads\/2023\/09\/Sophrologie-le-Lude-Oct-a-dec-2023-724x1024.jpg 724w, https:\/\/www.sophrologue72.fr\/wp-content\/uploads\/2023\/09\/Sophrologie-le-Lude-Oct-a-dec-2023-106x150.jpg 106w, https:\/\/www.sophrologue72.fr\/wp-content\/uploads\/2023\/09\/Sophrologie-le-Lude-Oct-a-dec-2023-768x1086.jpg 768w, https:\/\/www.sophrologue72.fr\/wp-content\/uploads\/2023\/09\/Sophrologie-le-Lude-Oct-a-dec-2023-1086x1536.jpg 1086w\" sizes=\"(max-width: 1414px) 100vw, 1414px\" \/><\/p>\n<p style=\"text-align: center;\">\n<\/p><h1><a href=\"https:\/\/www.sophrologue72.fr\/wp-content\/uploads\/2021\/01\/ZEN-1-scaled.jpg\"><img loading=\"lazy\" class=\"wp-image-3320 aligncenter\" src=\"https:\/\/www.sophrologue72.fr\/wp-content\/uploads\/2021\/01\/ZEN-1-300x184.jpg\" alt=\"\" width=\"171\" height=\"107\"\/><\/a><em><span style=\"color: #008080;\"><strong>D\u00e9roulement d\u2019une<\/strong><\/span><span style=\"color: #008000;\"><strong><span style=\"color: #008080;\"> s\u00e9ance individuelle<\/span> :<\/strong><\/span><span style=\"text-decoration: underline; color: #008000;\"><strong><br \/><\/strong><\/span><\/em><\/h1>\n<ul>\n<li style=\"list-style-type: none;\">\n<ul>\n<li style=\"text-align: center;\"><span style=\"color: #003300;\">Dans une tenue vestimentaire habituelle confortable. <\/span><\/li>\n<\/ul>\n<\/li>\n<\/ul>\n<ul>\n<li style=\"list-style-type: none;\">\n<ul>\n<li style=\"text-align: center;\"><span style=\"color: #003300;\">Je vous explique syst\u00e9matiquement le d\u00e9roulement de la pratique avant de commencer celle-ci.<\/span><\/li>\n<\/ul>\n<\/li>\n<\/ul>\n<ul>\n<li style=\"text-align: center;\"><span style=\"color: #003300;\">La premi\u00e8re s\u00e9ance durera environ 1h00 \u00e0 1h30 et les s\u00e9ances suivantes entre 45 minutes \u00e0 1h15.<\/span><\/li>\n<\/ul>\n<h3 style=\"text-align: center;\">&nbsp;<em><span style=\"color: #008000;\"><strong><span style=\"color: #008080;\">Les s\u00e9ances se d\u00e9composent en 3 temps<\/span> :<\/strong><\/span><\/em><\/h3>\n<ol>\n<li><span style=\"color: #003300;\"><span style=\"color: #065406;\"><strong>Un premier temps d\u2019\u00e9changes,<\/strong><\/span> d\u2019accueil, d\u2019\u00e9coute. Ce moment vous permet de vous exprimer librement sur votre ressenti du moment&#8230;<\/span><span style=\"color: #003300;\"> Ce dialogue me permet ensuite d\u2019adapter la s\u00e9ance en fonction de vos besoins et de vos attentes.<\/span><\/li>\n<li><span style=\"color: #003300;\"><span style=\"color: #065406;\"><strong>Un temps de pratique<\/strong><\/span> o\u00f9 progressivement je vous guide vers une d\u00e9tente musculaire et mentale. Nous effectuons ensemble des exercices de concentration<\/span><span style=\"color: #003300;\">, de visualisations positives, des mouvements synchronis\u00e9s avec la respiration&#8230; et des pauses d\u2019int\u00e9gration de vos sensations.<\/span><\/li>\n<li><span style=\"color: #003300;\">La s\u00e9ance se termine g\u00e9n\u00e9ralement par <span style=\"color: #065406;\"><strong>un temps de partage<\/strong><\/span> durant lequel vous avez la possibilit\u00e9 de vous exprimer et de mettre des mots sur vos sensations, vos \u00e9motions, et constater par vous m\u00eame votre \u00e9volution.<\/span><br \/>\n<h3 style=\"text-align: center;\">&nbsp;<\/h3>\n<\/li>\n<\/ol>\n<h3 style=\"text-align: center;\"><a href=\"https:\/\/www.sophrologue72.fr\/wp-content\/uploads\/2021\/01\/Fond-decran-Zen-01.bmp\"><img loading=\"lazy\" class=\"alignnone size-medium wp-image-3321\" src=\"https:\/\/www.sophrologue72.fr\/wp-content\/uploads\/2021\/01\/Fond-decran-Zen-01-300x169.jpg\" alt=\"\" width=\"300\" height=\"169\" srcset=\"https:\/\/www.sophrologue72.fr\/wp-content\/uploads\/2021\/01\/Fond-decran-Zen-01-300x169.jpg 300w, https:\/\/www.sophrologue72.fr\/wp-content\/uploads\/2021\/01\/Fond-decran-Zen-01-1024x576.jpg 1024w, https:\/\/www.sophrologue72.fr\/wp-content\/uploads\/2021\/01\/Fond-decran-Zen-01-768x432.jpg 768w, https:\/\/www.sophrologue72.fr\/wp-content\/uploads\/2021\/01\/Fond-decran-Zen-01-1536x864.jpg 1536w, https:\/\/www.sophrologue72.fr\/wp-content\/uploads\/2021\/01\/Fond-decran-Zen-01.bmp 1920w\" sizes=\"(max-width: 300px) 100vw, 300px\" \/><\/a><\/h3>\n<h2 style=\"text-align: center;\"><span style=\"color: #701d1d;\"><em><strong>&#8220;C\u2019est une pratique r\u00e9guli\u00e8re qui favorisera l\u2019efficacit\u00e9 de la m\u00e9thode.&#8221;<\/strong><\/em><\/span><\/h2>\n<h2 style=\"text-align: center;\"><em><span style=\"color: #800000;\"><strong>&#8220;La facilit\u00e9 est le r\u00e9sultat de l&#8217;effort&#8221;.<\/strong><\/span><\/em><\/h2>\n<p><\/p>\n<h2><strong>&nbsp;<\/strong><\/h2>\n<p><a href=\"https:\/\/www.sophrologue72.fr\/wp-content\/uploads\/2021\/01\/zen-images.jpg\"><img loading=\"lazy\" class=\"size-full wp-image-3304 aligncenter\" src=\"https:\/\/www.sophrologue72.fr\/wp-content\/uploads\/2021\/01\/zen-images.jpg\" alt=\"\" width=\"231\" height=\"219\"\/><\/a><\/p>\n<p><\/p>\n<h2 style=\"text-align: center;\">Pour aller plus loin&nbsp; : <a href=\"http:\/\/www.sophrologie-info.com\/\">http:\/\/www.sophrologie-info.com\/<\/a><\/h2>\n<p style=\"text-align: center;\">&#8212;&#8212;&#8212;&#8212;&#8212;&#8212;&#8212;&#8212;&#8212;&#8212;&#8212;&#8212;&#8212;&#8212;&#8212;&#8212;&#8212;&#8212;&#8212;&#8212;&#8212;&#8212;&#8212;&#8212;&#8212;&#8212;&#8212;&#8212;&#8212;&#8212;&#8212;&#8212;&#8212;<\/p>\n<h2 style=\"text-align: center;\"><span style=\"color: #993300;\"><strong><span style=\"text-decoration: underline;\"> Sommeil et poids<\/span><\/strong><\/span><\/h2>\n<h3 style=\"text-align: center;\">&nbsp;<\/h3>\n<h3 style=\"text-align: center;\">Deux programmes Complets qui allient la naturopathie, l&#8217;hypnose et la sophrologie.<br \/>Renseignements : <span style=\"color: #000000;\"><a class=\"profileLink\" style=\"color: #000000;\" href=\"https:\/\/www.facebook.com\/sandine.loyer.naturopathe?__tn__=%2CdK-R-R-R&amp;eid=ARAf3lp7vJjSVLJ_OTk29x2JwB44euOhywTMuYyYY4oIKBLLAq1Sq2fqNhlXfZDxTRZE6nowKJxK1iPX&amp;fref=mentions\" data-hovercard=\"\/ajax\/hovercard\/user.php?id=100001751038338&amp;extragetparams=%7B%22__tn__%22%3A%22%2CdK-R-R-R%22%2C%22eid%22%3A%22ARAf3lp7vJjSVLJ_OTk29x2JwB44euOhywTMuYyYY4oIKBLLAq1Sq2fqNhlXfZDxTRZE6nowKJxK1iPX%22%2C%22fref%22%3A%22mentions%22%7D\" data-hovercard-prefer-more-content-show=\"1\">Sandrine Loyer<\/a><\/span> et Moi M\u00eame<\/h3>\n<p><\/p>\n<hr \/>\n<h1 style=\"text-align: center;\">Sophrologie et Hypnose<\/h1>\n<p style=\"text-align: center;\">S\u00e9ances individuelles<\/p>\n<blockquote>\n<h4 style=\"text-align: center;\"><span style=\"color: #0e5c0e;\"><strong>\u00ab&nbsp;Enfants \u00e0 partir de 8 ans, adolescents, \u00e9tudiants, adultes, s\u00e9niors \u2026&nbsp;\u00bb<\/strong><\/span><\/h4>\n<h5>\u2022 Je vous assure <strong>la confidentialit\u00e9<\/strong> des entretiens, <strong>une \u00e9coute bienveillante <\/strong>et <strong>sans jugement<\/strong>, une relation d\u2019aide constructive, le relais avec d\u2019autres professionnels en cas de besoin.<\/h5>\n<h5>\u2022 Je m\u2019engage \u00e0 respecter le code de d\u00e9ontologie de l\u2019Institut de Sophrologie de Rennes<em> (I.S.R.) et du Syndicat des Sophrologues Professionnels (S.S.P.).<\/em><\/h5>\n<h4><em>&nbsp;<\/em><\/h4>\n<\/blockquote>\n<h4 style=\"text-align: center;\"><em>Je suis signataire du <strong>code de d\u00e9ontologie<\/strong>&nbsp; et membre du <strong>Syndicat des Sophrologues Professionnels<\/strong> :<\/em><\/h4>\n<p style=\"text-align: center;\"><em><a href=\"http:\/\/www.sophrologue72.fr\/wp-content\/uploads\/2014\/10\/code-deontologie-des-sophrologues-professionnels.pdf\">code-d\u00e9ontologie des sophrologues professionnels<\/a><\/em><\/p>\n<blockquote>\n<p><a href=\"https:\/\/www.sophrologue72.fr\/wp-content\/uploads\/2021\/01\/SSP.jpg\"><img loading=\"lazy\" class=\"size-full wp-image-3223 aligncenter\" src=\"https:\/\/www.sophrologue72.fr\/wp-content\/uploads\/2021\/01\/SSP.jpg\" alt=\"\" width=\"100\" height=\"100\"\/><\/a><\/p>\n<h2><strong>Mes liens :<br \/><\/strong><\/h2>\n<ul>\n<li><strong>Institut de Sophrologie de Rennes (ISR)<\/strong><\/li>\n<li><strong><a href=\"http:\/\/www.sophrologie-formations.com\/\">http:\/\/www.sophrologie-formations.com<\/a><\/strong><\/li>\n<\/ul>\n<ul>\n<li><strong>F\u00e9d\u00e9ration de \u00c9coles Professionnelles en Sophrologie (FEPS)<\/strong> :<\/li>\n<li><strong><a href=\"http:\/\/feps-sophrologie.fr\/accueil.html\">http:\/\/feps-sophrologie.fr\/accueil.html<\/a><\/strong><\/li>\n<\/ul>\n<ul>\n<li><strong>Syndicat des Sophrologues Professionnels :<\/strong><\/li>\n<li><strong><a href=\"http:\/\/www.syndicat-sophrologues.fr\/\">Syndicat des Sophrologues Professionnels <\/a><\/strong><\/li>\n<\/ul>\n<ul>\n<li><strong>P\u00f4le Sophrologie et acouph\u00e8nes :<\/strong><\/li>\n<li><strong><a href=\"http:\/\/www.pole-sophrologie-acouphenes.fr\/\">http:\/\/www.pole-sophrologie-acouphenes.fr\/<\/a><\/strong><\/li>\n<\/ul>\n<ul>\n<li><strong>Annuaire des sophrologues :<\/strong><\/li>\n<li><strong><a href=\"http:\/\/www.annuaire.sophrologues.fr\/\">http:\/\/www.annuaire.sophrologues.fr\/<\/a><\/strong><\/li>\n<li><strong><a href=\"http:\/\/www.syndicat-sophrologues.fr\/annuaire-sophrologue\/recherche.html\">http:\/\/www.syndicat-sophrologues.fr\/annuaire-sophrologue\/recherche.html<\/a><\/strong><\/li>\n<\/ul>\n<ul>\n<li><strong>J\u00e9r\u00e9my Gasneray : Algue Afa :<br \/><\/strong><\/li>\n<li><strong><a href=\"https:\/\/www.synerj-health.com\/\">https:\/\/www.synerj-health.com\/<\/a><\/strong><\/li>\n<\/ul>\n<ul>\n<li><strong>Cabinet Objectif Sant\u00e9 :<\/strong><\/li>\n<li><strong><a href=\"http:\/\/www.sandrine-loyer.com\/Cabinet_Objectif_Sante-Le_Lude.html\">http:\/\/www.sandrine-loyer.com\/Cabinet_Objectif_Sante-Le_Lude.html<\/a><\/strong><\/li>\n<\/ul>\n<ul>\n<li><strong>Sandrine Loyer Naturopathe :<\/strong><\/li>\n<li><strong><a href=\"http:\/\/www.sandrine-loyer.com\/\">http:\/\/www.sandrine-loyer.com\/<\/a><\/strong><\/li>\n<\/ul>\n<\/blockquote>\n<h4><img loading=\"lazy\" class=\"aligncenter size-full wp-image-3364\" src=\"https:\/\/www.sophrologue72.fr\/wp-content\/uploads\/2021\/01\/FB_IMG_1536527612960.jpg\" alt=\"\" width=\"450\" height=\"450\" srcset=\"https:\/\/www.sophrologue72.fr\/wp-content\/uploads\/2021\/01\/FB_IMG_1536527612960.jpg 450w, https:\/\/www.sophrologue72.fr\/wp-content\/uploads\/2021\/01\/FB_IMG_1536527612960-300x300.jpg 300w, https:\/\/www.sophrologue72.fr\/wp-content\/uploads\/2021\/01\/FB_IMG_1536527612960-150x150.jpg 150w\" sizes=\"(max-width: 450px) 100vw, 450px\" \/><\/h4>\n<h1 style=\"text-align: center;\">&nbsp;<\/h1>\n<p style=\"text-align: center;\">\n<\/p><p style=\"text-align: center;\"><strong><span style=\"color: #ff0000;\">&nbsp;<\/span><\/strong><\/p>\n\n\n<figure class=\"wp-block-image\"><img alt=\"\"\/><\/figure>\n\n\n\n<p><\/p>\n\n\n\n<p><\/p>\n\n\n\n<h2><\/h2>\n\n\n\n<h2><\/h2>\n","protected":false},"excerpt":{"rendered":"<p>&nbsp; &#8220;DU SUR-MESURE POUR UN OBJECTIF PR\u00c9CIS&#8221; Sophrologie Hypnose Ericksonienne, Hypnose Sajece &nbsp;<\/p>\n","protected":false},"author":2,"featured_media":0,"parent":0,"menu_order":0,"comment_status":"closed","ping_status":"closed","template":"page-fullwidth.php","meta":[],"_links":{"self":[{"href":"https:\/\/www.sophrologue72.fr\/index.php?rest_route=\/wp\/v2\/pages\/62"}],"collection":[{"href":"https:\/\/www.sophrologue72.fr\/index.php?rest_route=\/wp\/v2\/pages"}],"about":[{"href":"https:\/\/www.sophrologue72.fr\/index.php?rest_route=\/wp\/v2\/types\/page"}],"author":[{"embeddable":true,"href":"https:\/\/www.sophrologue72.fr\/index.php?rest_route=\/wp\/v2\/users\/2"}],"replies":[{"embeddable":true,"href":"https:\/\/www.sophrologue72.fr\/index.php?rest_route=%2Fwp%2Fv2%2Fcomments&post=62"}],"version-history":[{"count":61,"href":"https:\/\/www.sophrologue72.fr\/index.php?rest_route=\/wp\/v2\/pages\/62\/revisions"}],"predecessor-version":[{"id":4127,"href":"https:\/\/www.sophrologue72.fr\/index.php?rest_route=\/wp\/v2\/pages\/62\/revisions\/4127"}],"wp:attachment":[{"href":"https:\/\/www.sophrologue72.fr\/index.php?rest_route=%2Fwp%2Fv2%2Fmedia&parent=62"}],"curies":[{"name":"wp","href":"https:\/\/api.w.org\/{rel}","templated":true}]}}